{"id":5106,"date":"2025-04-15T12:22:06","date_gmt":"2025-04-15T12:22:06","guid":{"rendered":"https:\/\/www.neuraltrainer.com\/?post_type=product&#038;p=5106"},"modified":"2026-03-02T14:53:18","modified_gmt":"2026-03-02T14:53:18","slug":"plan-starter","status":"publish","type":"product","link":"https:\/\/www.neuraltrainer.com\/es\/producto\/plan-starter\/","title":{"rendered":"PLAN STARTER"},"content":{"rendered":"<div class=\"wpb-content-wrapper\"><p>[vc_row full_width=\u00bbstretch_row\u00bb el_class=\u00bbdescription-produts\u00bb _et_uniqid=\u00bbet_custom_uniqid_new_67fe50854684f\u00bb css=\u00bb.vc_custom_1744720014880{background-color: #ffffff !important;}\u00bb][vc_column][vc_column_text css=\u00bb.vc_custom_1745344891243{margin-bottom: 0px !important;}\u00bb]<\/p>\n<h3>Descripci\u00f3n:<\/h3>\n<p>Con el <strong>Plan Starter<\/strong> de Neural Trainer, podr\u00e1s dar tus primeros pasos en el entrenamiento cognitivo sin costo alguno.<\/p>\n<p>Este plan gratuito incluye las funcionalidades esenciales para comenzar a desarrollar tus habilidades cognitivas, permiti\u00e9ndote trabajar aspectos clave como la atenci\u00f3n, la percepci\u00f3n y la toma de decisiones.<\/p>\n<p>Acceder\u00e1s a una selecci\u00f3n de ejercicios b\u00e1sicos que no requieren configuraci\u00f3n previa, ideales para empezar a familiarizarte con la herramienta y comenzar a experimentar mejoras en tu rendimiento cognitivo desde el primer d\u00eda.[\/vc_column_text][\/vc_column][\/vc_row][vc_row full_width=\u00bbstretch_row\u00bb el_class=\u00bbdescription-produts blanco\u00bb css=\u00bb.vc_custom_1744817355258{margin-top: 0px !important;margin-bottom: 0px !important;padding-top: 20px !important;padding-bottom: 0px !important;background-color: #ffffff !important;}\u00bb _et_uniqid=\u00bbet_custom_uniqid_new_67ffccbcdde18&#8243;][vc_column css=\u00bb.vc_custom_1742078765834{margin-bottom: 0px !important;padding-bottom: 0px !important;}\u00bb _et_uniqid=\u00bbet_custom_uniqid_new_67d60327990ab\u00bb][vc_column_text css=\u00bb.vc_custom_1745343370602{margin-top: 0px !important;margin-bottom: 0px !important;padding-bottom: 0px !important;}\u00bb el_class=\u00bbtituliacors\u00bb]<\/p>\n<h3>Comparativo de planes de app:<\/h3>\n<p>[\/vc_column_text][\/vc_column][\/vc_row][vc_row css=\u00bb.vc_custom_1744817406032{margin-top: 0px !important;padding-top: 0px !important;}\u00bb _et_uniqid=\u00bbet_custom_uniqid_new_67ffccf56101b\u00bb][vc_column][vc_raw_html css=\u00bb.vc_custom_1742142700689{margin-top: 0px !important;margin-bottom: 0px !important;padding-top: 0px !important;padding-bottom: 0px !important;}\u00bb]JTVCYmxvY2slMjBpZCUzRCUyMjQ4NjclMjIlNUQ=[\/vc_raw_html][\/vc_column][\/vc_row][vc_row css=\u00bb.vc_custom_1744818075213{margin-top: 0px !important;margin-bottom: 0px !important;padding-top: 0px !important;padding-bottom: 0px !important;}\u00bb _et_uniqid=\u00bbet_custom_uniqid_new_67ffcf8f216ec\u00bb][vc_column css=\u00bb.vc_custom_1744818084506{margin-top: 0px !important;margin-bottom: 0px !important;padding-top: 0px !important;padding-bottom: 0px !important;}\u00bb _et_uniqid=\u00bbet_custom_uniqid_new_67ffcf9e5eb3f\u00bb][vc_raw_html css=\u00bb.vc_custom_1744818059692{margin-top: 0px !important;margin-bottom: 0px !important;padding-top: 0px !important;padding-bottom: 0px !important;}\u00bb]JTNDc2NyaXB0JTNFJTBBZG9jdW1lbnQuYWRkRXZlbnRMaXN0ZW5lciUyOCUyMkRPTUNvbnRlbnRMb2FkZWQlMjIlMkMlMjBmdW5jdGlvbiUyOCUyOSUyMCU3QiUwQSUyMCUyMCUyMCUyMCUyRiUyRiUyMFNlbGVjY2lvbmFyJTIwdG9kb3MlMjBsb3MlMjBib3RvbmVzJTIwY29uJTIwbGFzJTIwY2xhc2VzJTIwZXNwZWMlQzMlQURmaWNhcyUwQSUyMCUyMCUyMCUyMGxldCUyMGJ1dHRvbnMlMjAlM0QlMjBkb2N1bWVudC5xdWVyeVNlbGVjdG9yQWxsJTI4JTIyYnV0dG9uLmV0LXNpbmdsZS1idXktbm93LnNpbmdsZV9hZGRfdG9fY2FydF9idXR0b24uYnV0dG9uLmFsdCUyMiUyOSUzQiUwQSUwQSUyMCUyMCUyMCUyMCUyRiUyRiUyMEFzZWd1cmFyJTIwcXVlJTIwc29sbyUyMHNlJTIwbW9kaWZpcXVlbiUyMGxvcyUyMGRvcyUyMHByaW1lcm9zJTIwYm90b25lcyUyMGVuY29udHJhZG9zJTBBJTIwJTIwJTIwJTIwaWYlMjAlMjhidXR0b25zLmxlbmd0aCUyMCUzRSUzRCUyMDIlMjklMjAlN0IlMEElMjAlMjAlMjAlMjAlMjAlMjAlMjAlMjBidXR0b25zJTVCMCU1RC50ZXh0Q29udGVudCUyMCUzRCUyMCUyMkNvbXByYXIlMjBhaG9yYSUyMiUzQiUwQSUyMCUyMCUyMCUyMCUyMCUyMCUyMCUyMGJ1dHRvbnMlNUIxJTVELnRleHRDb250ZW50JTIwJTNEJTIwJTIyQ29tcHJhciUyMGFob3JhJTIyJTNCJTBBJTIwJTIwJTIwJTIwJTdEJTBBJTdEJTI5JTNCJTBBJTNDJTJGc2NyaXB0JTNFJTBB[\/vc_raw_html][\/vc_column][\/vc_row]<\/p>\n<\/div>","protected":false},"excerpt":{"rendered":"<h6>FREE<\/h6>\n<p>Suscripci\u00f3n anual \/ No incluye nodos.<\/p>\n<p><span style=\"color: #16f581;\">Incluye:<\/span> 2 modalidades de ejercicios + 4 entrenamientos precargados + 1 usuario.<\/p>\n<p><img decoding=\"async\" class=\"alignnone wp-image-5109 size-full\" src=\"https:\/\/www.neuraltrainer.com\/wp-content\/uploads\/2025\/04\/Group-1171276868-1.svg\" alt=\"\" \/><\/p>\n<p><a href=\"https:\/\/apps.apple.com\/uy\/app\/neural-trainer-new-app\/id6443625109?l=es-MX\" target=\"_blank\" rel=\"noopener\"><img decoding=\"async\" class=\"alignnone wp-image-5112 size-full\" src=\"https:\/\/www.neuraltrainer.com\/wp-content\/uploads\/2025\/04\/Group-7692.png\" alt=\"\" width=\"149\" height=\"44\" srcset=\"https:\/\/www.neuraltrainer.com\/wp-content\/uploads\/2025\/04\/Group-7692.png 149w, https:\/\/www.neuraltrainer.com\/wp-content\/uploads\/2025\/04\/Group-7692-1x1.png 1w, https:\/\/www.neuraltrainer.com\/wp-content\/uploads\/2025\/04\/Group-7692-10x3.png 10w\" sizes=\"(max-width: 149px) 100vw, 149px\" \/><\/a> <a href=\"https:\/\/play.google.com\/store\/apps\/details?id=io.crunchloop.neuraltrainer&amp;pli=1\" target=\"_blank\" rel=\"noopener\"><img decoding=\"async\" class=\"alignnone wp-image-5115 size-full\" src=\"https:\/\/www.neuraltrainer.com\/wp-content\/uploads\/2025\/04\/Group-7691.png\" alt=\"\" width=\"148\" height=\"44\" srcset=\"https:\/\/www.neuraltrainer.com\/wp-content\/uploads\/2025\/04\/Group-7691.png 148w, https:\/\/www.neuraltrainer.com\/wp-content\/uploads\/2025\/04\/Group-7691-1x1.png 1w, https:\/\/www.neuraltrainer.com\/wp-content\/uploads\/2025\/04\/Group-7691-10x3.png 10w\" sizes=\"(max-width: 148px) 100vw, 148px\" \/><\/a><\/p>\n","protected":false},"featured_media":5124,"comment_status":"closed","ping_status":"closed","template":"","meta":[],"etheme_brands":[],"product_brand":[],"product_cat":[108],"product_tag":[],"class_list":{"0":"post-5106","1":"product","2":"type-product","3":"status-publish","4":"has-post-thumbnail","6":"product_cat-planes-de-app","8":"first","9":"instock","10":"taxable","11":"shipping-taxable","12":"product-type-external"},"yoast_head":"<!-- This site is optimized with the Yoast SEO plugin v24.8.1 - https:\/\/yoast.com\/wordpress\/plugins\/seo\/ -->\n<title>PLAN STARTER - Neural Trainer<\/title>\n<meta name=\"robots\" content=\"index, follow, max-snippet:-1, max-image-preview:large, max-video-preview:-1\" \/>\n<link rel=\"canonical\" href=\"https:\/\/neuraltrainer.com\/es\/producto\/plan-starter\/\" \/>\n<meta property=\"og:locale\" content=\"es_ES\" \/>\n<meta property=\"og:type\" content=\"article\" \/>\n<meta property=\"og:title\" content=\"PLAN STARTER - Neural Trainer\" \/>\n<meta property=\"og:description\" content=\"FREE Suscripci\u00f3n anual \/ No incluye nodos.  Incluye: 2 modalidades de ejercicios + 4 entrenamientos precargados + 1 usuario.\" \/>\n<meta property=\"og:url\" content=\"https:\/\/neuraltrainer.com\/es\/producto\/plan-starter\/\" \/>\n<meta property=\"og:site_name\" content=\"Neural Trainer\" \/>\n<meta property=\"article:modified_time\" content=\"2026-03-02T14:53:18+00:00\" \/>\n<meta property=\"og:image\" content=\"https:\/\/neuraltrainer.com\/wp-content\/uploads\/2025\/04\/Frame-1171279390-1.png\" \/>\n\t<meta property=\"og:image:width\" content=\"540\" \/>\n\t<meta property=\"og:image:height\" content=\"540\" \/>\n\t<meta property=\"og:image:type\" content=\"image\/png\" \/>\n<meta name=\"twitter:card\" content=\"summary_large_image\" \/>\n<meta name=\"twitter:label1\" content=\"Tiempo de lectura\" \/>\n\t<meta name=\"twitter:data1\" content=\"1 minuto\" \/>\n<script type=\"application\/ld+json\" class=\"yoast-schema-graph\">{\"@context\":\"https:\/\/schema.org\",\"@graph\":[{\"@type\":\"WebPage\",\"@id\":\"https:\/\/neuraltrainer.com\/es\/producto\/plan-starter\/\",\"url\":\"https:\/\/neuraltrainer.com\/es\/producto\/plan-starter\/\",\"name\":\"PLAN STARTER - Neural Trainer\",\"isPartOf\":{\"@id\":\"https:\/\/54.86.6.116\/#website\"},\"primaryImageOfPage\":{\"@id\":\"https:\/\/neuraltrainer.com\/es\/producto\/plan-starter\/#primaryimage\"},\"image\":{\"@id\":\"https:\/\/neuraltrainer.com\/es\/producto\/plan-starter\/#primaryimage\"},\"thumbnailUrl\":\"https:\/\/www.neuraltrainer.com\/wp-content\/uploads\/2025\/04\/Frame-1171279390-1.png\",\"datePublished\":\"2025-04-15T12:22:06+00:00\",\"dateModified\":\"2026-03-02T14:53:18+00:00\",\"breadcrumb\":{\"@id\":\"https:\/\/neuraltrainer.com\/es\/producto\/plan-starter\/#breadcrumb\"},\"inLanguage\":\"es\",\"potentialAction\":[{\"@type\":\"ReadAction\",\"target\":[\"https:\/\/neuraltrainer.com\/es\/producto\/plan-starter\/\"]}]},{\"@type\":\"ImageObject\",\"inLanguage\":\"es\",\"@id\":\"https:\/\/neuraltrainer.com\/es\/producto\/plan-starter\/#primaryimage\",\"url\":\"https:\/\/www.neuraltrainer.com\/wp-content\/uploads\/2025\/04\/Frame-1171279390-1.png\",\"contentUrl\":\"https:\/\/www.neuraltrainer.com\/wp-content\/uploads\/2025\/04\/Frame-1171279390-1.png\",\"width\":540,\"height\":540},{\"@type\":\"BreadcrumbList\",\"@id\":\"https:\/\/neuraltrainer.com\/es\/producto\/plan-starter\/#breadcrumb\",\"itemListElement\":[{\"@type\":\"ListItem\",\"position\":1,\"name\":\"Portada\",\"item\":\"https:\/\/app2.neuraltrainer.com\/es\/\"},{\"@type\":\"ListItem\",\"position\":2,\"name\":\"Tienda\",\"item\":\"https:\/\/neuraltrainer.com\/es\/tienda\/\"},{\"@type\":\"ListItem\",\"position\":3,\"name\":\"PLAN STARTER\"}]},{\"@type\":\"WebSite\",\"@id\":\"https:\/\/54.86.6.116\/#website\",\"url\":\"https:\/\/54.86.6.116\/\",\"name\":\"Neural Trainer\",\"description\":\"El entrenamiento del futuro\",\"publisher\":{\"@id\":\"https:\/\/54.86.6.116\/#organization\"},\"potentialAction\":[{\"@type\":\"SearchAction\",\"target\":{\"@type\":\"EntryPoint\",\"urlTemplate\":\"https:\/\/54.86.6.116\/?s={search_term_string}\"},\"query-input\":{\"@type\":\"PropertyValueSpecification\",\"valueRequired\":true,\"valueName\":\"search_term_string\"}}],\"inLanguage\":\"es\"},{\"@type\":\"Organization\",\"@id\":\"https:\/\/54.86.6.116\/#organization\",\"name\":\"Neural Trainer\",\"url\":\"https:\/\/54.86.6.116\/\",\"logo\":{\"@type\":\"ImageObject\",\"inLanguage\":\"es\",\"@id\":\"https:\/\/54.86.6.116\/#\/schema\/logo\/image\/\",\"url\":\"https:\/\/www.neuraltrainer.com\/wp-content\/uploads\/2020\/11\/logo.png\",\"contentUrl\":\"https:\/\/www.neuraltrainer.com\/wp-content\/uploads\/2020\/11\/logo.png\",\"width\":224,\"height\":225,\"caption\":\"Neural Trainer\"},\"image\":{\"@id\":\"https:\/\/54.86.6.116\/#\/schema\/logo\/image\/\"}}]}<\/script>\n<!-- \/ Yoast SEO plugin. -->","yoast_head_json":{"title":"PLAN STARTER - Neural Trainer","robots":{"index":"index","follow":"follow","max-snippet":"max-snippet:-1","max-image-preview":"max-image-preview:large","max-video-preview":"max-video-preview:-1"},"canonical":"https:\/\/neuraltrainer.com\/es\/producto\/plan-starter\/","og_locale":"es_ES","og_type":"article","og_title":"PLAN STARTER - Neural Trainer","og_description":"FREE Suscripci\u00f3n anual \/ No incluye nodos.  Incluye: 2 modalidades de ejercicios + 4 entrenamientos precargados + 1 usuario.","og_url":"https:\/\/neuraltrainer.com\/es\/producto\/plan-starter\/","og_site_name":"Neural Trainer","article_modified_time":"2026-03-02T14:53:18+00:00","og_image":[{"width":540,"height":540,"url":"https:\/\/neuraltrainer.com\/wp-content\/uploads\/2025\/04\/Frame-1171279390-1.png","type":"image\/png"}],"twitter_card":"summary_large_image","twitter_misc":{"Tiempo de lectura":"1 minuto"},"schema":{"@context":"https:\/\/schema.org","@graph":[{"@type":"WebPage","@id":"https:\/\/neuraltrainer.com\/es\/producto\/plan-starter\/","url":"https:\/\/neuraltrainer.com\/es\/producto\/plan-starter\/","name":"PLAN STARTER - Neural Trainer","isPartOf":{"@id":"https:\/\/54.86.6.116\/#website"},"primaryImageOfPage":{"@id":"https:\/\/neuraltrainer.com\/es\/producto\/plan-starter\/#primaryimage"},"image":{"@id":"https:\/\/neuraltrainer.com\/es\/producto\/plan-starter\/#primaryimage"},"thumbnailUrl":"https:\/\/www.neuraltrainer.com\/wp-content\/uploads\/2025\/04\/Frame-1171279390-1.png","datePublished":"2025-04-15T12:22:06+00:00","dateModified":"2026-03-02T14:53:18+00:00","breadcrumb":{"@id":"https:\/\/neuraltrainer.com\/es\/producto\/plan-starter\/#breadcrumb"},"inLanguage":"es","potentialAction":[{"@type":"ReadAction","target":["https:\/\/neuraltrainer.com\/es\/producto\/plan-starter\/"]}]},{"@type":"ImageObject","inLanguage":"es","@id":"https:\/\/neuraltrainer.com\/es\/producto\/plan-starter\/#primaryimage","url":"https:\/\/www.neuraltrainer.com\/wp-content\/uploads\/2025\/04\/Frame-1171279390-1.png","contentUrl":"https:\/\/www.neuraltrainer.com\/wp-content\/uploads\/2025\/04\/Frame-1171279390-1.png","width":540,"height":540},{"@type":"BreadcrumbList","@id":"https:\/\/neuraltrainer.com\/es\/producto\/plan-starter\/#breadcrumb","itemListElement":[{"@type":"ListItem","position":1,"name":"Portada","item":"https:\/\/app2.neuraltrainer.com\/es\/"},{"@type":"ListItem","position":2,"name":"Tienda","item":"https:\/\/neuraltrainer.com\/es\/tienda\/"},{"@type":"ListItem","position":3,"name":"PLAN STARTER"}]},{"@type":"WebSite","@id":"https:\/\/54.86.6.116\/#website","url":"https:\/\/54.86.6.116\/","name":"Neural Trainer","description":"El entrenamiento del futuro","publisher":{"@id":"https:\/\/54.86.6.116\/#organization"},"potentialAction":[{"@type":"SearchAction","target":{"@type":"EntryPoint","urlTemplate":"https:\/\/54.86.6.116\/?s={search_term_string}"},"query-input":{"@type":"PropertyValueSpecification","valueRequired":true,"valueName":"search_term_string"}}],"inLanguage":"es"},{"@type":"Organization","@id":"https:\/\/54.86.6.116\/#organization","name":"Neural Trainer","url":"https:\/\/54.86.6.116\/","logo":{"@type":"ImageObject","inLanguage":"es","@id":"https:\/\/54.86.6.116\/#\/schema\/logo\/image\/","url":"https:\/\/www.neuraltrainer.com\/wp-content\/uploads\/2020\/11\/logo.png","contentUrl":"https:\/\/www.neuraltrainer.com\/wp-content\/uploads\/2020\/11\/logo.png","width":224,"height":225,"caption":"Neural Trainer"},"image":{"@id":"https:\/\/54.86.6.116\/#\/schema\/logo\/image\/"}}]}},"_links":{"self":[{"href":"https:\/\/www.neuraltrainer.com\/es\/wp-json\/wp\/v2\/product\/5106","targetHints":{"allow":["GET"]}}],"collection":[{"href":"https:\/\/www.neuraltrainer.com\/es\/wp-json\/wp\/v2\/product"}],"about":[{"href":"https:\/\/www.neuraltrainer.com\/es\/wp-json\/wp\/v2\/types\/product"}],"replies":[{"embeddable":true,"href":"https:\/\/www.neuraltrainer.com\/es\/wp-json\/wp\/v2\/comments?post=5106"}],"wp:featuredmedia":[{"embeddable":true,"href":"https:\/\/www.neuraltrainer.com\/es\/wp-json\/wp\/v2\/media\/5124"}],"wp:attachment":[{"href":"https:\/\/www.neuraltrainer.com\/es\/wp-json\/wp\/v2\/media?parent=5106"}],"wp:term":[{"taxonomy":"brand","embeddable":true,"href":"https:\/\/www.neuraltrainer.com\/es\/wp-json\/wp\/v2\/etheme_brands?post=5106"},{"taxonomy":"product_brand","embeddable":true,"href":"https:\/\/www.neuraltrainer.com\/es\/wp-json\/wp\/v2\/product_brand?post=5106"},{"taxonomy":"product_cat","embeddable":true,"href":"https:\/\/www.neuraltrainer.com\/es\/wp-json\/wp\/v2\/product_cat?post=5106"},{"taxonomy":"product_tag","embeddable":true,"href":"https:\/\/www.neuraltrainer.com\/es\/wp-json\/wp\/v2\/product_tag?post=5106"}],"curies":[{"name":"wp","href":"https:\/\/api.w.org\/{rel}","templated":true}]}}