{"id":3032,"date":"2023-11-13T15:56:21","date_gmt":"2023-11-13T15:56:21","guid":{"rendered":"https:\/\/www.neuraltrainer.com\/?post_type=product&#038;p=3032"},"modified":"2025-05-30T14:25:31","modified_gmt":"2025-05-30T14:25:31","slug":"modo-fotocelula","status":"publish","type":"product","link":"https:\/\/www.neuraltrainer.com\/es\/producto\/modo-fotocelula\/","title":{"rendered":"MODO FOTOC\u00c9LULA"},"content":{"rendered":"<div class=\"wpb-content-wrapper\"><p>[vc_row full_width=\u00bbstretch_row\u00bb el_class=\u00bbdescription-produts\u00bb css=\u00bb.vc_custom_1741893481402{background-color: #ffffff !important;}\u00bb _et_uniqid=\u00bbet_custom_uniqid_new_67d32f56241eb\u00bb][vc_column][vc_column_text css=\u00bb.vc_custom_1744817975783{margin-bottom: 0px !important;}\u00bb]<\/p>\n<h3>Descripci\u00f3n:<\/h3>\n<p>El modo Fotoc\u00e9lula te permite utilizar los nodos para realizar evaluaciones espec\u00edficas de velocidad y agilidad, convirti\u00e9ndolos en puntos de control precisos para tus mediciones.<\/p>\n<p>Con esta funci\u00f3n pod\u00e9s medir tiempos parciales y totales de cada deportista, utilizando los nodos como marcas independientes de inicio, intermedio y finalizaci\u00f3n.<\/p>\n<p>Adem\u00e1s, pod\u00e9s crear tus propios test personalizados, guardarlos en el sistema y reutilizarlos de forma ilimitada, accediendo al historial de resultados para analizar la evoluci\u00f3n de cada atleta a lo largo del tiempo.[\/vc_column_text][\/vc_column][\/vc_row][vc_row full_width=\u00bbstretch_row\u00bb el_class=\u00bbdescription-produts blanco\u00bb css=\u00bb.vc_custom_1744817355258{margin-top: 0px !important;margin-bottom: 0px !important;padding-top: 20px !important;padding-bottom: 0px !important;background-color: #ffffff !important;}\u00bb _et_uniqid=\u00bbet_custom_uniqid_new_67ffccbcdde18&#8243;][vc_column css=\u00bb.vc_custom_1742078765834{margin-bottom: 0px !important;padding-bottom: 0px !important;}\u00bb _et_uniqid=\u00bbet_custom_uniqid_new_67d60327990ab\u00bb][vc_column_text css=\u00bb.vc_custom_1745343396464{margin-top: 0px !important;margin-bottom: 0px !important;padding-bottom: 0px !important;}\u00bb el_class=\u00bbtituliacors\u00bb]<\/p>\n<h3>Comparativo de planes de app:<\/h3>\n<p>[\/vc_column_text][\/vc_column][\/vc_row][vc_row css=\u00bb.vc_custom_1744817406032{margin-top: 0px !important;padding-top: 0px !important;}\u00bb _et_uniqid=\u00bbet_custom_uniqid_new_67ffccf56101b\u00bb][vc_column][vc_raw_html css=\u00bb.vc_custom_1742142700689{margin-top: 0px !important;margin-bottom: 0px !important;padding-top: 0px !important;padding-bottom: 0px !important;}\u00bb]JTVCYmxvY2slMjBpZCUzRCUyMjQ4NjclMjIlNUQ=[\/vc_raw_html][\/vc_column][\/vc_row][vc_row _et_uniqid=\u00bbet_custom_uniqid_new_67d6f33d40137&#8243;][vc_column][vc_raw_html css=\u00bb.vc_custom_1742233827111{margin-top: 0px !important;margin-bottom: 0px !important;padding-top: 0px !important;padding-bottom: 0px !important;}\u00bb]JTNDc2NyaXB0JTNFJTBBZG9jdW1lbnQuYWRkRXZlbnRMaXN0ZW5lciUyOCUyMkRPTUNvbnRlbnRMb2FkZWQlMjIlMkMlMjBmdW5jdGlvbiUyOCUyOSUyMCU3QiUwQSUyMCUyMCUyMCUyMCUyRiUyRiUyMFNlbGVjY2lvbmFyJTIwdG9kb3MlMjBsb3MlMjBib3RvbmVzJTIwY29uJTIwbGFzJTIwY2xhc2VzJTIwZXNwZWMlQzMlQURmaWNhcyUwQSUyMCUyMCUyMCUyMGxldCUyMGJ1dHRvbnMlMjAlM0QlMjBkb2N1bWVudC5xdWVyeVNlbGVjdG9yQWxsJTI4JTIyYnV0dG9uLmV0LXNpbmdsZS1idXktbm93LnNpbmdsZV9hZGRfdG9fY2FydF9idXR0b24uYnV0dG9uLmFsdCUyMiUyOSUzQiUwQSUwQSUyMCUyMCUyMCUyMCUyRiUyRiUyMEFzZWd1cmFyJTIwcXVlJTIwc29sbyUyMHNlJTIwbW9kaWZpcXVlbiUyMGxvcyUyMGRvcyUyMHByaW1lcm9zJTIwYm90b25lcyUyMGVuY29udHJhZG9zJTBBJTIwJTIwJTIwJTIwaWYlMjAlMjhidXR0b25zLmxlbmd0aCUyMCUzRSUzRCUyMDIlMjklMjAlN0IlMEElMjAlMjAlMjAlMjAlMjAlMjAlMjAlMjBidXR0b25zJTVCMCU1RC50ZXh0Q29udGVudCUyMCUzRCUyMCUyMkNvbXByYXIlMjBhaG9yYSUyMiUzQiUwQSUyMCUyMCUyMCUyMCUyMCUyMCUyMCUyMGJ1dHRvbnMlNUIxJTVELnRleHRDb250ZW50JTIwJTNEJTIwJTIyQ29tcHJhciUyMGFob3JhJTIyJTNCJTBBJTIwJTIwJTIwJTIwJTdEJTBBJTdEJTI5JTNCJTBBJTNDJTJGc2NyaXB0JTNFJTBB[\/vc_raw_html][\/vc_column][\/vc_row]<\/p>\n<\/div>","protected":false},"excerpt":{"rendered":"<p>Suscripci\u00f3n anual \/\u00a0No incluye nodos<\/p>\n","protected":false},"featured_media":5137,"comment_status":"closed","ping_status":"closed","template":"","meta":[],"etheme_brands":[],"product_brand":[],"product_cat":[108],"product_tag":[],"class_list":{"0":"post-3032","1":"product","2":"type-product","3":"status-publish","4":"has-post-thumbnail","6":"product_cat-planes-de-app","8":"first","9":"instock","10":"virtual","11":"purchasable","12":"product-type-simple"},"yoast_head":"<!-- This site is optimized with the Yoast SEO plugin v24.8.1 - https:\/\/yoast.com\/wordpress\/plugins\/seo\/ -->\n<title>MODO FOTOC\u00c9LULA - Neural Trainer<\/title>\n<meta name=\"robots\" content=\"index, follow, max-snippet:-1, max-image-preview:large, max-video-preview:-1\" \/>\n<link rel=\"canonical\" href=\"https:\/\/www.neuraltrainer.com\/es\/producto\/modo-fotocelula\/\" \/>\n<meta property=\"og:locale\" content=\"es_ES\" \/>\n<meta property=\"og:type\" content=\"article\" \/>\n<meta property=\"og:title\" content=\"MODO FOTOC\u00c9LULA - Neural Trainer\" \/>\n<meta property=\"og:description\" content=\"Suscripci\u00f3n anual \/\u00a0No incluye nodos\" \/>\n<meta property=\"og:url\" content=\"https:\/\/www.neuraltrainer.com\/es\/producto\/modo-fotocelula\/\" \/>\n<meta property=\"og:site_name\" content=\"Neural Trainer\" \/>\n<meta property=\"article:modified_time\" content=\"2025-05-30T14:25:31+00:00\" \/>\n<meta property=\"og:image\" content=\"https:\/\/www.neuraltrainer.com\/wp-content\/uploads\/2023\/11\/1-1.png\" \/>\n\t<meta property=\"og:image:width\" content=\"540\" \/>\n\t<meta property=\"og:image:height\" content=\"540\" \/>\n\t<meta property=\"og:image:type\" content=\"image\/png\" \/>\n<meta name=\"twitter:card\" content=\"summary_large_image\" \/>\n<meta name=\"twitter:label1\" content=\"Tiempo de lectura\" \/>\n\t<meta name=\"twitter:data1\" content=\"1 minuto\" \/>\n<script type=\"application\/ld+json\" class=\"yoast-schema-graph\">{\"@context\":\"https:\/\/schema.org\",\"@graph\":[{\"@type\":\"WebPage\",\"@id\":\"https:\/\/www.neuraltrainer.com\/es\/producto\/modo-fotocelula\/\",\"url\":\"https:\/\/www.neuraltrainer.com\/es\/producto\/modo-fotocelula\/\",\"name\":\"MODO FOTOC\u00c9LULA - Neural Trainer\",\"isPartOf\":{\"@id\":\"https:\/\/54.86.6.116\/#website\"},\"primaryImageOfPage\":{\"@id\":\"https:\/\/www.neuraltrainer.com\/es\/producto\/modo-fotocelula\/#primaryimage\"},\"image\":{\"@id\":\"https:\/\/www.neuraltrainer.com\/es\/producto\/modo-fotocelula\/#primaryimage\"},\"thumbnailUrl\":\"https:\/\/www.neuraltrainer.com\/wp-content\/uploads\/2023\/11\/1-1.png\",\"datePublished\":\"2023-11-13T15:56:21+00:00\",\"dateModified\":\"2025-05-30T14:25:31+00:00\",\"breadcrumb\":{\"@id\":\"https:\/\/www.neuraltrainer.com\/es\/producto\/modo-fotocelula\/#breadcrumb\"},\"inLanguage\":\"es\",\"potentialAction\":[{\"@type\":\"ReadAction\",\"target\":[\"https:\/\/www.neuraltrainer.com\/es\/producto\/modo-fotocelula\/\"]}]},{\"@type\":\"ImageObject\",\"inLanguage\":\"es\",\"@id\":\"https:\/\/www.neuraltrainer.com\/es\/producto\/modo-fotocelula\/#primaryimage\",\"url\":\"https:\/\/www.neuraltrainer.com\/wp-content\/uploads\/2023\/11\/1-1.png\",\"contentUrl\":\"https:\/\/www.neuraltrainer.com\/wp-content\/uploads\/2023\/11\/1-1.png\",\"width\":540,\"height\":540},{\"@type\":\"BreadcrumbList\",\"@id\":\"https:\/\/www.neuraltrainer.com\/es\/producto\/modo-fotocelula\/#breadcrumb\",\"itemListElement\":[{\"@type\":\"ListItem\",\"position\":1,\"name\":\"Portada\",\"item\":\"https:\/\/app2.neuraltrainer.com\/es\/\"},{\"@type\":\"ListItem\",\"position\":2,\"name\":\"Tienda\",\"item\":\"https:\/\/neuraltrainer.com\/es\/tienda\/\"},{\"@type\":\"ListItem\",\"position\":3,\"name\":\"MODO FOTOC\u00c9LULA\"}]},{\"@type\":\"WebSite\",\"@id\":\"https:\/\/54.86.6.116\/#website\",\"url\":\"https:\/\/54.86.6.116\/\",\"name\":\"Neural Trainer\",\"description\":\"El entrenamiento del futuro\",\"publisher\":{\"@id\":\"https:\/\/54.86.6.116\/#organization\"},\"potentialAction\":[{\"@type\":\"SearchAction\",\"target\":{\"@type\":\"EntryPoint\",\"urlTemplate\":\"https:\/\/54.86.6.116\/?s={search_term_string}\"},\"query-input\":{\"@type\":\"PropertyValueSpecification\",\"valueRequired\":true,\"valueName\":\"search_term_string\"}}],\"inLanguage\":\"es\"},{\"@type\":\"Organization\",\"@id\":\"https:\/\/54.86.6.116\/#organization\",\"name\":\"Neural Trainer\",\"url\":\"https:\/\/54.86.6.116\/\",\"logo\":{\"@type\":\"ImageObject\",\"inLanguage\":\"es\",\"@id\":\"https:\/\/54.86.6.116\/#\/schema\/logo\/image\/\",\"url\":\"https:\/\/www.neuraltrainer.com\/wp-content\/uploads\/2020\/11\/logo.png\",\"contentUrl\":\"https:\/\/www.neuraltrainer.com\/wp-content\/uploads\/2020\/11\/logo.png\",\"width\":224,\"height\":225,\"caption\":\"Neural Trainer\"},\"image\":{\"@id\":\"https:\/\/54.86.6.116\/#\/schema\/logo\/image\/\"}}]}<\/script>\n<!-- \/ Yoast SEO plugin. -->","yoast_head_json":{"title":"MODO FOTOC\u00c9LULA - Neural Trainer","robots":{"index":"index","follow":"follow","max-snippet":"max-snippet:-1","max-image-preview":"max-image-preview:large","max-video-preview":"max-video-preview:-1"},"canonical":"https:\/\/www.neuraltrainer.com\/es\/producto\/modo-fotocelula\/","og_locale":"es_ES","og_type":"article","og_title":"MODO FOTOC\u00c9LULA - Neural Trainer","og_description":"Suscripci\u00f3n anual \/\u00a0No incluye nodos","og_url":"https:\/\/www.neuraltrainer.com\/es\/producto\/modo-fotocelula\/","og_site_name":"Neural Trainer","article_modified_time":"2025-05-30T14:25:31+00:00","og_image":[{"width":540,"height":540,"url":"https:\/\/www.neuraltrainer.com\/wp-content\/uploads\/2023\/11\/1-1.png","type":"image\/png"}],"twitter_card":"summary_large_image","twitter_misc":{"Tiempo de lectura":"1 minuto"},"schema":{"@context":"https:\/\/schema.org","@graph":[{"@type":"WebPage","@id":"https:\/\/www.neuraltrainer.com\/es\/producto\/modo-fotocelula\/","url":"https:\/\/www.neuraltrainer.com\/es\/producto\/modo-fotocelula\/","name":"MODO FOTOC\u00c9LULA - Neural Trainer","isPartOf":{"@id":"https:\/\/54.86.6.116\/#website"},"primaryImageOfPage":{"@id":"https:\/\/www.neuraltrainer.com\/es\/producto\/modo-fotocelula\/#primaryimage"},"image":{"@id":"https:\/\/www.neuraltrainer.com\/es\/producto\/modo-fotocelula\/#primaryimage"},"thumbnailUrl":"https:\/\/www.neuraltrainer.com\/wp-content\/uploads\/2023\/11\/1-1.png","datePublished":"2023-11-13T15:56:21+00:00","dateModified":"2025-05-30T14:25:31+00:00","breadcrumb":{"@id":"https:\/\/www.neuraltrainer.com\/es\/producto\/modo-fotocelula\/#breadcrumb"},"inLanguage":"es","potentialAction":[{"@type":"ReadAction","target":["https:\/\/www.neuraltrainer.com\/es\/producto\/modo-fotocelula\/"]}]},{"@type":"ImageObject","inLanguage":"es","@id":"https:\/\/www.neuraltrainer.com\/es\/producto\/modo-fotocelula\/#primaryimage","url":"https:\/\/www.neuraltrainer.com\/wp-content\/uploads\/2023\/11\/1-1.png","contentUrl":"https:\/\/www.neuraltrainer.com\/wp-content\/uploads\/2023\/11\/1-1.png","width":540,"height":540},{"@type":"BreadcrumbList","@id":"https:\/\/www.neuraltrainer.com\/es\/producto\/modo-fotocelula\/#breadcrumb","itemListElement":[{"@type":"ListItem","position":1,"name":"Portada","item":"https:\/\/app2.neuraltrainer.com\/es\/"},{"@type":"ListItem","position":2,"name":"Tienda","item":"https:\/\/neuraltrainer.com\/es\/tienda\/"},{"@type":"ListItem","position":3,"name":"MODO FOTOC\u00c9LULA"}]},{"@type":"WebSite","@id":"https:\/\/54.86.6.116\/#website","url":"https:\/\/54.86.6.116\/","name":"Neural Trainer","description":"El entrenamiento del futuro","publisher":{"@id":"https:\/\/54.86.6.116\/#organization"},"potentialAction":[{"@type":"SearchAction","target":{"@type":"EntryPoint","urlTemplate":"https:\/\/54.86.6.116\/?s={search_term_string}"},"query-input":{"@type":"PropertyValueSpecification","valueRequired":true,"valueName":"search_term_string"}}],"inLanguage":"es"},{"@type":"Organization","@id":"https:\/\/54.86.6.116\/#organization","name":"Neural Trainer","url":"https:\/\/54.86.6.116\/","logo":{"@type":"ImageObject","inLanguage":"es","@id":"https:\/\/54.86.6.116\/#\/schema\/logo\/image\/","url":"https:\/\/www.neuraltrainer.com\/wp-content\/uploads\/2020\/11\/logo.png","contentUrl":"https:\/\/www.neuraltrainer.com\/wp-content\/uploads\/2020\/11\/logo.png","width":224,"height":225,"caption":"Neural Trainer"},"image":{"@id":"https:\/\/54.86.6.116\/#\/schema\/logo\/image\/"}}]}},"_links":{"self":[{"href":"https:\/\/www.neuraltrainer.com\/es\/wp-json\/wp\/v2\/product\/3032","targetHints":{"allow":["GET"]}}],"collection":[{"href":"https:\/\/www.neuraltrainer.com\/es\/wp-json\/wp\/v2\/product"}],"about":[{"href":"https:\/\/www.neuraltrainer.com\/es\/wp-json\/wp\/v2\/types\/product"}],"replies":[{"embeddable":true,"href":"https:\/\/www.neuraltrainer.com\/es\/wp-json\/wp\/v2\/comments?post=3032"}],"wp:featuredmedia":[{"embeddable":true,"href":"https:\/\/www.neuraltrainer.com\/es\/wp-json\/wp\/v2\/media\/5137"}],"wp:attachment":[{"href":"https:\/\/www.neuraltrainer.com\/es\/wp-json\/wp\/v2\/media?parent=3032"}],"wp:term":[{"taxonomy":"brand","embeddable":true,"href":"https:\/\/www.neuraltrainer.com\/es\/wp-json\/wp\/v2\/etheme_brands?post=3032"},{"taxonomy":"product_brand","embeddable":true,"href":"https:\/\/www.neuraltrainer.com\/es\/wp-json\/wp\/v2\/product_brand?post=3032"},{"taxonomy":"product_cat","embeddable":true,"href":"https:\/\/www.neuraltrainer.com\/es\/wp-json\/wp\/v2\/product_cat?post=3032"},{"taxonomy":"product_tag","embeddable":true,"href":"https:\/\/www.neuraltrainer.com\/es\/wp-json\/wp\/v2\/product_tag?post=3032"}],"curies":[{"name":"wp","href":"https:\/\/api.w.org\/{rel}","templated":true}]}}