{"id":2086,"date":"2022-07-04T15:53:56","date_gmt":"2022-07-04T15:53:56","guid":{"rendered":"https:\/\/www.neuraltrainer.com\/?post_type=product&#038;p=2086"},"modified":"2025-05-30T14:28:08","modified_gmt":"2025-05-30T14:28:08","slug":"set-x8-accesorios","status":"publish","type":"product","link":"https:\/\/www.neuraltrainer.com\/es\/producto\/set-x8-accesorios\/","title":{"rendered":"SET X8 ACCESORIOS"},"content":{"rendered":"<div class=\"wpb-content-wrapper\"><p>[vc_row full_width=\u00bbstretch_row\u00bb el_class=\u00bbdescription-produts\u00bb css=\u00bb.vc_custom_1744812605813{margin-bottom: 0px !important;padding-bottom: 0px !important;background-color: #ffffff !important;}\u00bb _et_uniqid=\u00bbet_custom_uniqid_new_67ffba1ef24a5&#8243;][vc_column][vc_column_text css=\u00bb.vc_custom_1744812613911{margin-bottom: 0px !important;}\u00bb]<\/p>\n<h3>Descripci\u00f3n:<\/h3>\n<p>Los accesorios de Neural Trainer son el complemento ideal para maximizar la experiencia de tus entrenamientos, ofreciendo versatilidad y adaptabilidad en cada sesi\u00f3n.<\/p>\n<p>Gracias a sus distintas modalidades de fijaci\u00f3n \u2014clip, velcro, im\u00e1n y m\u00faltiple\u2014 permiten instalar los nodos f\u00e1cilmente sobre diversas superficies y estructuras, adapt\u00e1ndose a todo tipo de entorno y necesidad metodol\u00f3gica.<\/p>\n<p>Ya sea en piso, pared, racks, postes u otros elementos, estos accesorios est\u00e1n dise\u00f1ados para asegurar un montaje pr\u00e1ctico, seguro y eficiente, garantizando el m\u00e1ximo aprovechamiento del sistema en cualquier escenario de trabajo.[\/vc_column_text][\/vc_column][\/vc_row][vc_row full_width=\u00bbstretch_row\u00bb el_class=\u00bbdescription-produts\u00bb css=\u00bb.vc_custom_1744761255606{margin-top: 0px !important;margin-bottom: 0px !important;padding-top: 20px !important;padding-bottom: 0px !important;background-color: #ffffff !important;}\u00bb _et_uniqid=\u00bbet_custom_uniqid_new_67fef18f797d7&#8243;][vc_column css=\u00bb.vc_custom_1742078765834{margin-bottom: 0px !important;padding-bottom: 0px !important;}\u00bb _et_uniqid=\u00bbet_custom_uniqid_new_67d60327990ab\u00bb][vc_column_text css=\u00bb.vc_custom_1742078879284{margin-top: 0px !important;margin-bottom: 0px !important;padding-bottom: 0px !important;}\u00bb]<\/p>\n<h3>Estos productos tambi\u00e9n pueden interesarte:<\/h3>\n<p>[\/vc_column_text][\/vc_column][\/vc_row][vc_row full_width=\u00bbstretch_row\u00bb gap=\u00bb30&#8243; _et_uniqid=\u00bbet_custom_uniqid_new_67fecec3e55db\u00bb css=\u00bb.vc_custom_1744752349194{margin-top: 0px !important;padding-top: 0px !important;padding-bottom: 80px !important;background-color: #ffffff !important;}\u00bb el_class=\u00bbrow-cards maxmirow\u00bb][vc_column width=\u00bb1\/4&#8243; css=\u00bb.vc_custom_1742139898982{margin-top: 0px !important;margin-bottom: 0px !important;padding-top: 0px !important;padding-right: 0px !important;padding-bottom: 0px !important;padding-left: 0px !important;background-color: #0a0a0a !important;border-radius: 20px !important;}\u00bb _et_uniqid=\u00bbet_custom_uniqid_new_67d6f1eb3353b\u00bb el_class=\u00bbmi-card-negra primeracard\u00bb offset=\u00bbvc_col-xs-6&#8243;][vc_gallery interval=\u00bb0&#8243; images=\u00bb5233,5236,5239,5242,5248,5251,5254,5257,5263&#8243; img_size=\u00bbfull\u00bb onclick=\u00bbcustom_link\u00bb css=\u00bb.vc_custom_1744812928120{margin-bottom: 0px !important;padding-bottom: 0px !important;}\u00bb custom_links=\u00bb\/es\/producto\/kit-x8-nodos\/\u00bb el_class=\u00bbmy-galery-pics\u00bb][vc_column_text css=\u00bb.vc_custom_1744812874263{margin-top: 0px !important;margin-bottom: -7px !important;padding-top: 0px !important;padding-bottom: 0px !important;padding-left: 17px !important;}\u00bb el_class=\u00bbname-product\u00bb]<\/p>\n<h4><span style=\"color: #ffffff;\"><a style=\"color: #ffffff;\" href=\"\/es\/producto\/kit-x8-nodos\/\">KIT X8 NODOS<\/a><\/span><\/h4>\n<p>[\/vc_column_text]<p class=\"product woocommerce add_to_cart_inline \" style=\"border:4px solid #ccc; padding: 12px;\"><span class=\"woocommerce-Price-amount amount\"><bdi><span class=\"woocommerce-Price-currencySymbol\">USD<\/span>&nbsp;1.099<\/bdi><\/span><a href=\"?add-to-cart=1851\" aria-describedby=\"woocommerce_loop_add_to_cart_link_describedby_1851\" data-quantity=\"1\" class=\"button product_type_simple add_to_cart_button ajax_add_to_cart\" data-product_id=\"1851\" data-product_sku=\"neutra-nod008\" aria-label=\"A\u00f1adir al carrito: &ldquo;KIT X8 NODOS&rdquo;\" rel=\"nofollow\" data-success_message=\"\u00abKIT X8 NODOS\u00bb se ha a\u00f1adido a tu carrito\" data-product_name=\"KIT X8 NODOS\">A\u00f1adir al carrito<\/a>\t<span id=\"woocommerce_loop_add_to_cart_link_describedby_1851\" class=\"screen-reader-text\">\n\t\t\t<\/span>\n<\/p>[\/vc_column][vc_column width=\u00bb1\/4&#8243; _et_uniqid=\u00bbet_custom_uniqid_new_67feb77ad8213&#8243; css=\u00bb.vc_custom_1744746371888{margin-top: 0px !important;margin-bottom: 0px !important;padding-top: 0px !important;padding-right: 0px !important;padding-bottom: 0px !important;padding-left: 0px !important;background-color: #000000 !important;border-radius: 20px !important;}\u00bb el_class=\u00bbmi-card-negra plan segundacard\u00bb offset=\u00bbvc_col-xs-6&#8243;][vc_gallery interval=\u00bb0&#8243; images=\u00bb5269,5218,5127&#8243; img_size=\u00bbfull\u00bb onclick=\u00bbcustom_link\u00bb css=\u00bb.vc_custom_1744752160983{margin-bottom: 0px !important;padding-bottom: 0px !important;}\u00bb custom_links=\u00bb\/es\/producto\/plan-pro\/\u00bb el_class=\u00bbmy-galery-pics\u00bb][vc_column_text css=\u00bb.vc_custom_1744746291975{margin-top: 0px !important;margin-bottom: -7px !important;padding-top: 0px !important;padding-bottom: 0px !important;padding-left: 17px !important;}\u00bb el_class=\u00bbname-product\u00bb]<\/p>\n<h4><span style=\"color: #ffffff;\"><a style=\"color: #ffffff;\" href=\"\/es\/producto\/plan-pro\/\"><strong>plan<\/strong> pro <\/a><\/span><\/h4>\n<p>[\/vc_column_text]<p class=\"product woocommerce add_to_cart_inline \" style=\"border:4px solid #ccc; padding: 12px;\"><span class=\"woocommerce-Price-amount amount\"><bdi><span class=\"woocommerce-Price-currencySymbol\">USD<\/span>&nbsp;290<\/bdi><\/span><a href=\"?add-to-cart=2710\" aria-describedby=\"woocommerce_loop_add_to_cart_link_describedby_2710\" data-quantity=\"1\" class=\"button product_type_simple add_to_cart_button ajax_add_to_cart\" data-product_id=\"2710\" data-product_sku=\"neutra-app-pro\" aria-label=\"A\u00f1adir al carrito: &ldquo;PLAN PRO&rdquo;\" rel=\"nofollow\" data-success_message=\"\u00abPLAN PRO\u00bb se ha a\u00f1adido a tu carrito\" data-product_name=\"PLAN PRO\">A\u00f1adir al carrito<\/a>\t<span id=\"woocommerce_loop_add_to_cart_link_describedby_2710\" class=\"screen-reader-text\">\n\t\t\t<\/span>\n<\/p>[\/vc_column][vc_column width=\u00bb1\/4&#8243; css=\u00bb.vc_custom_1744746382202{margin-top: 0px !important;margin-bottom: 0px !important;padding-top: 0px !important;padding-right: 0px !important;padding-bottom: 0px !important;padding-left: 0px !important;background-color: #000000 !important;border-radius: 20px !important;}\u00bb _et_uniqid=\u00bbet_custom_uniqid_new_67feb78744373&#8243; el_class=\u00bbmi-card-negra plan terceracard\u00bb offset=\u00bbvc_col-xs-6&#8243;][vc_gallery interval=\u00bb0&#8243; images=\u00bb5266,5218,5127&#8243; img_size=\u00bbfull\u00bb onclick=\u00bbcustom_link\u00bb css=\u00bb.vc_custom_1744752185585{margin-bottom: 0px !important;padding-bottom: 0px !important;}\u00bb custom_links=\u00bb\/es\/producto\/plan-elite\/\u00bb el_class=\u00bbmy-galery-pics\u00bb][vc_column_text css=\u00bb.vc_custom_1744746323262{margin-top: 0px !important;margin-bottom: -7px !important;padding-top: 0px !important;padding-bottom: 0px !important;padding-left: 17px !important;}\u00bb el_class=\u00bbname-product\u00bb]<\/p>\n<h4><span style=\"color: #ffffff;\"><a style=\"color: #ffffff;\" href=\"\/es\/producto\/plan-elite\/\"><strong>plan<\/strong> elite <\/a><\/span><\/h4>\n<p>[\/vc_column_text]<p class=\"product woocommerce add_to_cart_inline \" style=\"border:4px solid #ccc; padding: 12px;\"><span class=\"woocommerce-Price-amount amount\"><bdi><span class=\"woocommerce-Price-currencySymbol\">USD<\/span>&nbsp;390<\/bdi><\/span><a href=\"?add-to-cart=2987\" aria-describedby=\"woocommerce_loop_add_to_cart_link_describedby_2987\" data-quantity=\"1\" class=\"button product_type_simple add_to_cart_button ajax_add_to_cart\" data-product_id=\"2987\" data-product_sku=\"neutra-app-elite\" aria-label=\"A\u00f1adir al carrito: &ldquo;PLAN ELITE&rdquo;\" rel=\"nofollow\" data-success_message=\"\u00abPLAN ELITE\u00bb se ha a\u00f1adido a tu carrito\" data-product_name=\"PLAN ELITE\">A\u00f1adir al carrito<\/a>\t<span id=\"woocommerce_loop_add_to_cart_link_describedby_2987\" class=\"screen-reader-text\">\n\t\t\t<\/span>\n<\/p>[\/vc_column][vc_column width=\u00bb1\/4&#8243; el_class=\u00bbmi-card-negra plan cuartacard\u00bb _et_uniqid=\u00bbet_custom_uniqid_new_67feb7915d793&#8243; css=\u00bb.vc_custom_1744746392293{margin-bottom: 0px !important;padding-top: 0px !important;padding-right: 0px !important;padding-bottom: 0px !important;padding-left: 0px !important;background-color: #000000 !important;border-radius: 20px !important;}\u00bb offset=\u00bbvc_col-xs-6&#8243;][vc_gallery interval=\u00bb0&#8243; images=\u00bb5227,5310,5143,5146,5149&#8243; img_size=\u00bbfull\u00bb onclick=\u00bbcustom_link\u00bb css=\u00bb.vc_custom_1744809754882{margin-bottom: 0px !important;padding-bottom: 0px !important;}\u00bb custom_links=\u00bb\/es\/producto\/modo-fotocelula\/\u00bb el_class=\u00bbmy-galery-pics\u00bb][vc_column_text css=\u00bb.vc_custom_1744746344917{margin-top: 0px !important;margin-bottom: -7px !important;padding-top: 0px !important;padding-bottom: 0px !important;padding-left: 17px !important;}\u00bb el_class=\u00bbname-product\u00bb]<\/p>\n<h4><span style=\"color: #ffffff;\"><a style=\"color: #ffffff;\" href=\"\/es\/producto\/modo-fotocelula\/\"><strong>modo<\/strong> fotoc\u00e9lula <\/a><\/span><\/h4>\n<p>[\/vc_column_text]<p class=\"product woocommerce add_to_cart_inline \" style=\"border:4px solid #ccc; padding: 12px;\"><span class=\"woocommerce-Price-amount amount\"><bdi><span class=\"woocommerce-Price-currencySymbol\">USD<\/span>&nbsp;49<\/bdi><\/span><a href=\"?add-to-cart=3032\" aria-describedby=\"woocommerce_loop_add_to_cart_link_describedby_3032\" data-quantity=\"1\" class=\"button product_type_simple add_to_cart_button ajax_add_to_cart\" data-product_id=\"3032\" data-product_sku=\"neutra-app-fotocelula\" aria-label=\"A\u00f1adir al carrito: &ldquo;MODO FOTOC\u00c9LULA&rdquo;\" rel=\"nofollow\" data-success_message=\"\u00abMODO FOTOC\u00c9LULA\u00bb se ha a\u00f1adido a tu carrito\" data-product_name=\"MODO FOTOC\u00c9LULA\">A\u00f1adir al carrito<\/a>\t<span id=\"woocommerce_loop_add_to_cart_link_describedby_3032\" class=\"screen-reader-text\">\n\t\t\t<\/span>\n<\/p>[\/vc_column][\/vc_row][vc_row _et_uniqid=\u00bbet_custom_uniqid_new_67ffbcfc7ce84&#8243; css=\u00bb.vc_custom_1744813316955{margin-top: 0px !important;margin-bottom: 0px !important;padding-top: 0px !important;padding-bottom: 0px !important;}\u00bb][vc_column css=\u00bb.vc_custom_1744813326504{margin-top: 0px !important;margin-bottom: 0px !important;padding-top: 0px !important;padding-bottom: 0px !important;}\u00bb _et_uniqid=\u00bbet_custom_uniqid_new_67ffbd0789b8a\u00bb][vc_raw_html css=\u00bb.vc_custom_1744813332258{margin-top: 0px !important;margin-bottom: 0px !important;padding-top: 0px !important;padding-bottom: 0px !important;}\u00bb]JTNDc2NyaXB0JTNFJTBBZG9jdW1lbnQuYWRkRXZlbnRMaXN0ZW5lciUyOCUyMkRPTUNvbnRlbnRMb2FkZWQlMjIlMkMlMjBmdW5jdGlvbiUyOCUyOSUyMCU3QiUwQSUyMCUyMCUyMCUyMCUyRiUyRiUyMFNlbGVjY2lvbmFyJTIwdG9kb3MlMjBsb3MlMjBib3RvbmVzJTIwY29uJTIwbGFzJTIwY2xhc2VzJTIwZXNwZWMlQzMlQURmaWNhcyUwQSUyMCUyMCUyMCUyMGxldCUyMGJ1dHRvbnMlMjAlM0QlMjBkb2N1bWVudC5xdWVyeVNlbGVjdG9yQWxsJTI4JTIyYnV0dG9uLmV0LXNpbmdsZS1idXktbm93LnNpbmdsZV9hZGRfdG9fY2FydF9idXR0b24uYnV0dG9uLmFsdCUyMiUyOSUzQiUwQSUwQSUyMCUyMCUyMCUyMCUyRiUyRiUyMEFzZWd1cmFyJTIwcXVlJTIwc29sbyUyMHNlJTIwbW9kaWZpcXVlbiUyMGxvcyUyMGRvcyUyMHByaW1lcm9zJTIwYm90b25lcyUyMGVuY29udHJhZG9zJTBBJTIwJTIwJTIwJTIwaWYlMjAlMjhidXR0b25zLmxlbmd0aCUyMCUzRSUzRCUyMDIlMjklMjAlN0IlMEElMjAlMjAlMjAlMjAlMjAlMjAlMjAlMjBidXR0b25zJTVCMCU1RC50ZXh0Q29udGVudCUyMCUzRCUyMCUyMkNvbXByYXIlMjBhaG9yYSUyMiUzQiUwQSUyMCUyMCUyMCUyMCUyMCUyMCUyMCUyMGJ1dHRvbnMlNUIxJTVELnRleHRDb250ZW50JTIwJTNEJTIwJTIyQ29tcHJhciUyMGFob3JhJTIyJTNCJTBBJTIwJTIwJTIwJTIwJTdEJTBBJTdEJTI5JTNCJTBBJTNDJTJGc2NyaXB0JTNFJTBB[\/vc_raw_html][\/vc_column][\/vc_row]<\/p>\n<\/div>","protected":false},"excerpt":{"rendered":"<p><span style=\"color: #16f581;\">Incluye:<\/span> Bolsa + 8 velcros + 8 imanes + 8 m\u00faltiples + 8 clips.<\/p>\n","protected":false},"featured_media":5302,"comment_status":"closed","ping_status":"closed","template":"","meta":[],"etheme_brands":[],"product_brand":[],"product_cat":[107],"product_tag":[],"class_list":{"0":"post-2086","1":"product","2":"type-product","3":"status-publish","4":"has-post-thumbnail","6":"product_cat-set-de-accesorios","8":"first","9":"instock","10":"taxable","11":"shipping-taxable","12":"purchasable","13":"product-type-simple"},"yoast_head":"<!-- This site is optimized with the Yoast SEO plugin v24.8.1 - https:\/\/yoast.com\/wordpress\/plugins\/seo\/ -->\n<title>SET X8 ACCESORIOS - Neural Trainer<\/title>\n<meta name=\"robots\" content=\"index, follow, max-snippet:-1, max-image-preview:large, max-video-preview:-1\" \/>\n<link rel=\"canonical\" href=\"https:\/\/www.neuraltrainer.com\/es\/producto\/set-x8-accesorios\/\" \/>\n<meta property=\"og:locale\" content=\"es_ES\" \/>\n<meta property=\"og:type\" content=\"article\" \/>\n<meta property=\"og:title\" content=\"SET X8 ACCESORIOS - Neural Trainer\" \/>\n<meta property=\"og:description\" content=\"Incluye: Bolsa + 8 velcros + 8 imanes + 8 m\u00faltiples + 8 clips.\" \/>\n<meta property=\"og:url\" content=\"https:\/\/www.neuraltrainer.com\/es\/producto\/set-x8-accesorios\/\" \/>\n<meta property=\"og:site_name\" content=\"Neural Trainer\" \/>\n<meta property=\"article:modified_time\" content=\"2025-05-30T14:28:08+00:00\" \/>\n<meta property=\"og:image\" content=\"https:\/\/www.neuraltrainer.com\/wp-content\/uploads\/2022\/07\/1-1.png\" \/>\n\t<meta property=\"og:image:width\" content=\"540\" \/>\n\t<meta property=\"og:image:height\" content=\"540\" \/>\n\t<meta property=\"og:image:type\" content=\"image\/png\" \/>\n<meta name=\"twitter:card\" content=\"summary_large_image\" \/>\n<meta name=\"twitter:label1\" content=\"Tiempo de lectura\" \/>\n\t<meta name=\"twitter:data1\" content=\"2 minutos\" \/>\n<script type=\"application\/ld+json\" class=\"yoast-schema-graph\">{\"@context\":\"https:\/\/schema.org\",\"@graph\":[{\"@type\":\"WebPage\",\"@id\":\"https:\/\/www.neuraltrainer.com\/es\/producto\/set-x8-accesorios\/\",\"url\":\"https:\/\/www.neuraltrainer.com\/es\/producto\/set-x8-accesorios\/\",\"name\":\"SET X8 ACCESORIOS - Neural Trainer\",\"isPartOf\":{\"@id\":\"https:\/\/54.86.6.116\/#website\"},\"primaryImageOfPage\":{\"@id\":\"https:\/\/www.neuraltrainer.com\/es\/producto\/set-x8-accesorios\/#primaryimage\"},\"image\":{\"@id\":\"https:\/\/www.neuraltrainer.com\/es\/producto\/set-x8-accesorios\/#primaryimage\"},\"thumbnailUrl\":\"https:\/\/www.neuraltrainer.com\/wp-content\/uploads\/2022\/07\/1-1.png\",\"datePublished\":\"2022-07-04T15:53:56+00:00\",\"dateModified\":\"2025-05-30T14:28:08+00:00\",\"breadcrumb\":{\"@id\":\"https:\/\/www.neuraltrainer.com\/es\/producto\/set-x8-accesorios\/#breadcrumb\"},\"inLanguage\":\"es\",\"potentialAction\":[{\"@type\":\"ReadAction\",\"target\":[\"https:\/\/www.neuraltrainer.com\/es\/producto\/set-x8-accesorios\/\"]}]},{\"@type\":\"ImageObject\",\"inLanguage\":\"es\",\"@id\":\"https:\/\/www.neuraltrainer.com\/es\/producto\/set-x8-accesorios\/#primaryimage\",\"url\":\"https:\/\/www.neuraltrainer.com\/wp-content\/uploads\/2022\/07\/1-1.png\",\"contentUrl\":\"https:\/\/www.neuraltrainer.com\/wp-content\/uploads\/2022\/07\/1-1.png\",\"width\":540,\"height\":540},{\"@type\":\"BreadcrumbList\",\"@id\":\"https:\/\/www.neuraltrainer.com\/es\/producto\/set-x8-accesorios\/#breadcrumb\",\"itemListElement\":[{\"@type\":\"ListItem\",\"position\":1,\"name\":\"Portada\",\"item\":\"https:\/\/app2.neuraltrainer.com\/es\/\"},{\"@type\":\"ListItem\",\"position\":2,\"name\":\"Tienda\",\"item\":\"https:\/\/neuraltrainer.com\/es\/tienda\/\"},{\"@type\":\"ListItem\",\"position\":3,\"name\":\"SET X8 ACCESORIOS\"}]},{\"@type\":\"WebSite\",\"@id\":\"https:\/\/54.86.6.116\/#website\",\"url\":\"https:\/\/54.86.6.116\/\",\"name\":\"Neural Trainer\",\"description\":\"El entrenamiento del futuro\",\"publisher\":{\"@id\":\"https:\/\/54.86.6.116\/#organization\"},\"potentialAction\":[{\"@type\":\"SearchAction\",\"target\":{\"@type\":\"EntryPoint\",\"urlTemplate\":\"https:\/\/54.86.6.116\/?s={search_term_string}\"},\"query-input\":{\"@type\":\"PropertyValueSpecification\",\"valueRequired\":true,\"valueName\":\"search_term_string\"}}],\"inLanguage\":\"es\"},{\"@type\":\"Organization\",\"@id\":\"https:\/\/54.86.6.116\/#organization\",\"name\":\"Neural Trainer\",\"url\":\"https:\/\/54.86.6.116\/\",\"logo\":{\"@type\":\"ImageObject\",\"inLanguage\":\"es\",\"@id\":\"https:\/\/54.86.6.116\/#\/schema\/logo\/image\/\",\"url\":\"https:\/\/www.neuraltrainer.com\/wp-content\/uploads\/2020\/11\/logo.png\",\"contentUrl\":\"https:\/\/www.neuraltrainer.com\/wp-content\/uploads\/2020\/11\/logo.png\",\"width\":224,\"height\":225,\"caption\":\"Neural Trainer\"},\"image\":{\"@id\":\"https:\/\/54.86.6.116\/#\/schema\/logo\/image\/\"}}]}<\/script>\n<!-- \/ Yoast SEO plugin. -->","yoast_head_json":{"title":"SET X8 ACCESORIOS - Neural Trainer","robots":{"index":"index","follow":"follow","max-snippet":"max-snippet:-1","max-image-preview":"max-image-preview:large","max-video-preview":"max-video-preview:-1"},"canonical":"https:\/\/www.neuraltrainer.com\/es\/producto\/set-x8-accesorios\/","og_locale":"es_ES","og_type":"article","og_title":"SET X8 ACCESORIOS - Neural Trainer","og_description":"Incluye: Bolsa + 8 velcros + 8 imanes + 8 m\u00faltiples + 8 clips.","og_url":"https:\/\/www.neuraltrainer.com\/es\/producto\/set-x8-accesorios\/","og_site_name":"Neural Trainer","article_modified_time":"2025-05-30T14:28:08+00:00","og_image":[{"width":540,"height":540,"url":"https:\/\/www.neuraltrainer.com\/wp-content\/uploads\/2022\/07\/1-1.png","type":"image\/png"}],"twitter_card":"summary_large_image","twitter_misc":{"Tiempo de lectura":"2 minutos"},"schema":{"@context":"https:\/\/schema.org","@graph":[{"@type":"WebPage","@id":"https:\/\/www.neuraltrainer.com\/es\/producto\/set-x8-accesorios\/","url":"https:\/\/www.neuraltrainer.com\/es\/producto\/set-x8-accesorios\/","name":"SET X8 ACCESORIOS - Neural Trainer","isPartOf":{"@id":"https:\/\/54.86.6.116\/#website"},"primaryImageOfPage":{"@id":"https:\/\/www.neuraltrainer.com\/es\/producto\/set-x8-accesorios\/#primaryimage"},"image":{"@id":"https:\/\/www.neuraltrainer.com\/es\/producto\/set-x8-accesorios\/#primaryimage"},"thumbnailUrl":"https:\/\/www.neuraltrainer.com\/wp-content\/uploads\/2022\/07\/1-1.png","datePublished":"2022-07-04T15:53:56+00:00","dateModified":"2025-05-30T14:28:08+00:00","breadcrumb":{"@id":"https:\/\/www.neuraltrainer.com\/es\/producto\/set-x8-accesorios\/#breadcrumb"},"inLanguage":"es","potentialAction":[{"@type":"ReadAction","target":["https:\/\/www.neuraltrainer.com\/es\/producto\/set-x8-accesorios\/"]}]},{"@type":"ImageObject","inLanguage":"es","@id":"https:\/\/www.neuraltrainer.com\/es\/producto\/set-x8-accesorios\/#primaryimage","url":"https:\/\/www.neuraltrainer.com\/wp-content\/uploads\/2022\/07\/1-1.png","contentUrl":"https:\/\/www.neuraltrainer.com\/wp-content\/uploads\/2022\/07\/1-1.png","width":540,"height":540},{"@type":"BreadcrumbList","@id":"https:\/\/www.neuraltrainer.com\/es\/producto\/set-x8-accesorios\/#breadcrumb","itemListElement":[{"@type":"ListItem","position":1,"name":"Portada","item":"https:\/\/app2.neuraltrainer.com\/es\/"},{"@type":"ListItem","position":2,"name":"Tienda","item":"https:\/\/neuraltrainer.com\/es\/tienda\/"},{"@type":"ListItem","position":3,"name":"SET X8 ACCESORIOS"}]},{"@type":"WebSite","@id":"https:\/\/54.86.6.116\/#website","url":"https:\/\/54.86.6.116\/","name":"Neural Trainer","description":"El entrenamiento del futuro","publisher":{"@id":"https:\/\/54.86.6.116\/#organization"},"potentialAction":[{"@type":"SearchAction","target":{"@type":"EntryPoint","urlTemplate":"https:\/\/54.86.6.116\/?s={search_term_string}"},"query-input":{"@type":"PropertyValueSpecification","valueRequired":true,"valueName":"search_term_string"}}],"inLanguage":"es"},{"@type":"Organization","@id":"https:\/\/54.86.6.116\/#organization","name":"Neural Trainer","url":"https:\/\/54.86.6.116\/","logo":{"@type":"ImageObject","inLanguage":"es","@id":"https:\/\/54.86.6.116\/#\/schema\/logo\/image\/","url":"https:\/\/www.neuraltrainer.com\/wp-content\/uploads\/2020\/11\/logo.png","contentUrl":"https:\/\/www.neuraltrainer.com\/wp-content\/uploads\/2020\/11\/logo.png","width":224,"height":225,"caption":"Neural Trainer"},"image":{"@id":"https:\/\/54.86.6.116\/#\/schema\/logo\/image\/"}}]}},"_links":{"self":[{"href":"https:\/\/www.neuraltrainer.com\/es\/wp-json\/wp\/v2\/product\/2086","targetHints":{"allow":["GET"]}}],"collection":[{"href":"https:\/\/www.neuraltrainer.com\/es\/wp-json\/wp\/v2\/product"}],"about":[{"href":"https:\/\/www.neuraltrainer.com\/es\/wp-json\/wp\/v2\/types\/product"}],"replies":[{"embeddable":true,"href":"https:\/\/www.neuraltrainer.com\/es\/wp-json\/wp\/v2\/comments?post=2086"}],"wp:featuredmedia":[{"embeddable":true,"href":"https:\/\/www.neuraltrainer.com\/es\/wp-json\/wp\/v2\/media\/5302"}],"wp:attachment":[{"href":"https:\/\/www.neuraltrainer.com\/es\/wp-json\/wp\/v2\/media?parent=2086"}],"wp:term":[{"taxonomy":"brand","embeddable":true,"href":"https:\/\/www.neuraltrainer.com\/es\/wp-json\/wp\/v2\/etheme_brands?post=2086"},{"taxonomy":"product_brand","embeddable":true,"href":"https:\/\/www.neuraltrainer.com\/es\/wp-json\/wp\/v2\/product_brand?post=2086"},{"taxonomy":"product_cat","embeddable":true,"href":"https:\/\/www.neuraltrainer.com\/es\/wp-json\/wp\/v2\/product_cat?post=2086"},{"taxonomy":"product_tag","embeddable":true,"href":"https:\/\/www.neuraltrainer.com\/es\/wp-json\/wp\/v2\/product_tag?post=2086"}],"curies":[{"name":"wp","href":"https:\/\/api.w.org\/{rel}","templated":true}]}}