{"id":1849,"date":"2022-06-23T01:25:18","date_gmt":"2022-06-23T01:25:18","guid":{"rendered":"https:\/\/www.neuraltrainer.com\/?post_type=product&#038;p=1849"},"modified":"2025-05-30T14:23:33","modified_gmt":"2025-05-30T14:23:33","slug":"kit-x4-nodos","status":"publish","type":"product","link":"https:\/\/www.neuraltrainer.com\/es\/producto\/kit-x4-nodos\/","title":{"rendered":"KIT X4 NODOS"},"content":{"rendered":"<div class=\"wpb-content-wrapper\"><p>[vc_row full_width=\u00bbstretch_row\u00bb el_class=\u00bbdescription-produts\u00bb css=\u00bb.vc_custom_1744811021967{margin-bottom: 0px !important;padding-bottom: 0px !important;background-color: #ffffff !important;}\u00bb _et_uniqid=\u00bbet_custom_uniqid_new_67ffb405415fe\u00bb][vc_column][vc_column_text css=\u00bb.vc_custom_1744811030762{margin-bottom: 0px !important;}\u00bb]<\/p>\n<h3>Descripci\u00f3n:<\/h3>\n<p>El Kit Neural Trainer de 4 nodos es la mejor opci\u00f3n para iniciarse en el entrenamiento cognitivo y f\u00edsico, brindando una experiencia m\u00e1s completa y din\u00e1mica, permitiendo una mayor variedad de ejercicios y una mejor distribuci\u00f3n de los est\u00edmulos.<\/p>\n<p>Ideal para entrenamientos en pareja, sesiones en equipo y planes de rehabilitaci\u00f3n, este kit ofrece la versatilidad necesaria para desarrollar el componente cognitivo y f\u00edsico en escenarios m\u00e1s din\u00e1micos y adaptables.[\/vc_column_text][\/vc_column][\/vc_row][vc_row full_width=\u00bbstretch_row\u00bb el_class=\u00bbdescription-produts\u00bb css=\u00bb.vc_custom_1744761255606{margin-top: 0px !important;margin-bottom: 0px !important;padding-top: 20px !important;padding-bottom: 0px !important;background-color: #ffffff !important;}\u00bb _et_uniqid=\u00bbet_custom_uniqid_new_67fef18f797d7&#8243;][vc_column css=\u00bb.vc_custom_1742078765834{margin-bottom: 0px !important;padding-bottom: 0px !important;}\u00bb _et_uniqid=\u00bbet_custom_uniqid_new_67d60327990ab\u00bb][vc_column_text css=\u00bb.vc_custom_1742078879284{margin-top: 0px !important;margin-bottom: 0px !important;padding-bottom: 0px !important;}\u00bb]<\/p>\n<h3>Estos productos tambi\u00e9n pueden interesarte:<\/h3>\n<p>[\/vc_column_text][\/vc_column][\/vc_row][vc_row full_width=\u00bbstretch_row\u00bb gap=\u00bb30&#8243; _et_uniqid=\u00bbet_custom_uniqid_new_67fecec3e55db\u00bb css=\u00bb.vc_custom_1744752349194{margin-top: 0px !important;padding-top: 0px !important;padding-bottom: 80px !important;background-color: #ffffff !important;}\u00bb el_class=\u00bbrow-cards maxmirow\u00bb][vc_column width=\u00bb1\/4&#8243; css=\u00bb.vc_custom_1742139898982{margin-top: 0px !important;margin-bottom: 0px !important;padding-top: 0px !important;padding-right: 0px !important;padding-bottom: 0px !important;padding-left: 0px !important;background-color: #0a0a0a !important;border-radius: 20px !important;}\u00bb _et_uniqid=\u00bbet_custom_uniqid_new_67d6f1eb3353b\u00bb el_class=\u00bbmi-card-negra primeracard\u00bb offset=\u00bbvc_col-xs-6&#8243;][vc_gallery interval=\u00bb0&#8243; images=\u00bb5293,5290,5275,5278,5281,5284&#8243; img_size=\u00bbfull\u00bb onclick=\u00bbcustom_link\u00bb css=\u00bb.vc_custom_1744811472075{margin-bottom: 0px !important;padding-bottom: 0px !important;}\u00bb custom_links=\u00bb\/es\/producto\/set-x4-accesorios\/\u00bb el_class=\u00bbmy-galery-pics\u00bb][vc_column_text css=\u00bb.vc_custom_1744811485414{margin-top: 0px !important;margin-bottom: -7px !important;padding-top: 0px !important;padding-bottom: 0px !important;padding-left: 17px !important;}\u00bb el_class=\u00bbname-product\u00bb]<\/p>\n<h4><span style=\"color: #ffffff;\"><a style=\"color: #ffffff;\" href=\"\/es\/producto\/set-x4-accesorios\/\">SET X4 ACCESORIOS<\/a><\/span><\/h4>\n<p>[\/vc_column_text]<p class=\"product woocommerce add_to_cart_inline \" style=\"border:4px solid #ccc; padding: 12px;\"><span class=\"woocommerce-Price-amount amount\"><bdi><span class=\"woocommerce-Price-currencySymbol\">USD<\/span>&nbsp;79<\/bdi><\/span><a href=\"?add-to-cart=2074\" aria-describedby=\"woocommerce_loop_add_to_cart_link_describedby_2074\" data-quantity=\"1\" class=\"button product_type_simple add_to_cart_button ajax_add_to_cart\" data-product_id=\"2074\" data-product_sku=\"neutra-acc004\" aria-label=\"A\u00f1adir al carrito: &ldquo;SET X4 ACCESORIOS&rdquo;\" rel=\"nofollow\" data-success_message=\"\u00abSET X4 ACCESORIOS\u00bb se ha a\u00f1adido a tu carrito\" data-product_name=\"SET X4 ACCESORIOS\">A\u00f1adir al carrito<\/a>\t<span id=\"woocommerce_loop_add_to_cart_link_describedby_2074\" class=\"screen-reader-text\">\n\t\t\t<\/span>\n<\/p>[\/vc_column][vc_column width=\u00bb1\/4&#8243; _et_uniqid=\u00bbet_custom_uniqid_new_67feb77ad8213&#8243; css=\u00bb.vc_custom_1744746371888{margin-top: 0px !important;margin-bottom: 0px !important;padding-top: 0px !important;padding-right: 0px !important;padding-bottom: 0px !important;padding-left: 0px !important;background-color: #000000 !important;border-radius: 20px !important;}\u00bb el_class=\u00bbmi-card-negra plan segundacard\u00bb offset=\u00bbvc_col-xs-6&#8243;][vc_gallery interval=\u00bb0&#8243; images=\u00bb5269,5218,5127&#8243; img_size=\u00bbfull\u00bb onclick=\u00bbcustom_link\u00bb css=\u00bb.vc_custom_1744752160983{margin-bottom: 0px !important;padding-bottom: 0px !important;}\u00bb custom_links=\u00bb\/es\/producto\/plan-pro\/\u00bb el_class=\u00bbmy-galery-pics\u00bb][vc_column_text css=\u00bb.vc_custom_1744746291975{margin-top: 0px !important;margin-bottom: -7px !important;padding-top: 0px !important;padding-bottom: 0px !important;padding-left: 17px !important;}\u00bb el_class=\u00bbname-product\u00bb]<\/p>\n<h4><span style=\"color: #ffffff;\"><a style=\"color: #ffffff;\" href=\"\/es\/producto\/plan-pro\/\"><strong>plan<\/strong> pro <\/a><\/span><\/h4>\n<p>[\/vc_column_text]<p class=\"product woocommerce add_to_cart_inline \" style=\"border:4px solid #ccc; padding: 12px;\"><span class=\"woocommerce-Price-amount amount\"><bdi><span class=\"woocommerce-Price-currencySymbol\">USD<\/span>&nbsp;290<\/bdi><\/span><a href=\"?add-to-cart=2710\" aria-describedby=\"woocommerce_loop_add_to_cart_link_describedby_2710\" data-quantity=\"1\" class=\"button product_type_simple add_to_cart_button ajax_add_to_cart\" data-product_id=\"2710\" data-product_sku=\"neutra-app-pro\" aria-label=\"A\u00f1adir al carrito: &ldquo;PLAN PRO&rdquo;\" rel=\"nofollow\" data-success_message=\"\u00abPLAN PRO\u00bb se ha a\u00f1adido a tu carrito\" data-product_name=\"PLAN PRO\">A\u00f1adir al carrito<\/a>\t<span id=\"woocommerce_loop_add_to_cart_link_describedby_2710\" class=\"screen-reader-text\">\n\t\t\t<\/span>\n<\/p>[\/vc_column][vc_column width=\u00bb1\/4&#8243; css=\u00bb.vc_custom_1744746382202{margin-top: 0px !important;margin-bottom: 0px !important;padding-top: 0px !important;padding-right: 0px !important;padding-bottom: 0px !important;padding-left: 0px !important;background-color: #000000 !important;border-radius: 20px !important;}\u00bb _et_uniqid=\u00bbet_custom_uniqid_new_67feb78744373&#8243; el_class=\u00bbmi-card-negra plan terceracard\u00bb offset=\u00bbvc_col-xs-6&#8243;][vc_gallery interval=\u00bb0&#8243; images=\u00bb5266,5218,5127&#8243; img_size=\u00bbfull\u00bb onclick=\u00bbcustom_link\u00bb css=\u00bb.vc_custom_1744752185585{margin-bottom: 0px !important;padding-bottom: 0px !important;}\u00bb custom_links=\u00bb\/es\/producto\/plan-elite\/\u00bb el_class=\u00bbmy-galery-pics\u00bb][vc_column_text css=\u00bb.vc_custom_1744746323262{margin-top: 0px !important;margin-bottom: -7px !important;padding-top: 0px !important;padding-bottom: 0px !important;padding-left: 17px !important;}\u00bb el_class=\u00bbname-product\u00bb]<\/p>\n<h4><span style=\"color: #ffffff;\"><a style=\"color: #ffffff;\" href=\"\/es\/producto\/plan-elite\/\"><strong>plan<\/strong> elite <\/a><\/span><\/h4>\n<p>[\/vc_column_text]<p class=\"product woocommerce add_to_cart_inline \" style=\"border:4px solid #ccc; padding: 12px;\"><span class=\"woocommerce-Price-amount amount\"><bdi><span class=\"woocommerce-Price-currencySymbol\">USD<\/span>&nbsp;390<\/bdi><\/span><a href=\"?add-to-cart=2987\" aria-describedby=\"woocommerce_loop_add_to_cart_link_describedby_2987\" data-quantity=\"1\" class=\"button product_type_simple add_to_cart_button ajax_add_to_cart\" data-product_id=\"2987\" data-product_sku=\"neutra-app-elite\" aria-label=\"A\u00f1adir al carrito: &ldquo;PLAN ELITE&rdquo;\" rel=\"nofollow\" data-success_message=\"\u00abPLAN ELITE\u00bb se ha a\u00f1adido a tu carrito\" data-product_name=\"PLAN ELITE\">A\u00f1adir al carrito<\/a>\t<span id=\"woocommerce_loop_add_to_cart_link_describedby_2987\" class=\"screen-reader-text\">\n\t\t\t<\/span>\n<\/p>[\/vc_column][vc_column width=\u00bb1\/4&#8243; el_class=\u00bbmi-card-negra plan cuartacard\u00bb _et_uniqid=\u00bbet_custom_uniqid_new_67feb7915d793&#8243; css=\u00bb.vc_custom_1744746392293{margin-bottom: 0px !important;padding-top: 0px !important;padding-right: 0px !important;padding-bottom: 0px !important;padding-left: 0px !important;background-color: #000000 !important;border-radius: 20px !important;}\u00bb offset=\u00bbvc_col-xs-6&#8243;][vc_gallery interval=\u00bb0&#8243; images=\u00bb5227,5310,5143,5146,5149&#8243; img_size=\u00bbfull\u00bb onclick=\u00bbcustom_link\u00bb css=\u00bb.vc_custom_1744809754882{margin-bottom: 0px !important;padding-bottom: 0px !important;}\u00bb custom_links=\u00bb\/es\/producto\/modo-fotocelula\/\u00bb el_class=\u00bbmy-galery-pics\u00bb][vc_column_text css=\u00bb.vc_custom_1744746344917{margin-top: 0px !important;margin-bottom: -7px !important;padding-top: 0px !important;padding-bottom: 0px !important;padding-left: 17px !important;}\u00bb el_class=\u00bbname-product\u00bb]<\/p>\n<h4><span style=\"color: #ffffff;\"><a style=\"color: #ffffff;\" href=\"\/es\/producto\/modo-fotocelula\/\"><strong>modo<\/strong> fotoc\u00e9lula <\/a><\/span><\/h4>\n<p>[\/vc_column_text]<p class=\"product woocommerce add_to_cart_inline \" style=\"border:4px solid #ccc; padding: 12px;\"><span class=\"woocommerce-Price-amount amount\"><bdi><span class=\"woocommerce-Price-currencySymbol\">USD<\/span>&nbsp;49<\/bdi><\/span><a href=\"?add-to-cart=3032\" aria-describedby=\"woocommerce_loop_add_to_cart_link_describedby_3032\" data-quantity=\"1\" class=\"button product_type_simple add_to_cart_button ajax_add_to_cart\" data-product_id=\"3032\" data-product_sku=\"neutra-app-fotocelula\" aria-label=\"A\u00f1adir al carrito: &ldquo;MODO FOTOC\u00c9LULA&rdquo;\" rel=\"nofollow\" data-success_message=\"\u00abMODO FOTOC\u00c9LULA\u00bb se ha a\u00f1adido a tu carrito\" data-product_name=\"MODO FOTOC\u00c9LULA\">A\u00f1adir al carrito<\/a>\t<span id=\"woocommerce_loop_add_to_cart_link_describedby_3032\" class=\"screen-reader-text\">\n\t\t\t<\/span>\n<\/p>[\/vc_column][\/vc_row][vc_row _et_uniqid=\u00bbet_custom_uniqid_new_67ffbe1d22015&#8243; css=\u00bb.vc_custom_1744813607728{margin-top: 0px !important;margin-bottom: 0px !important;padding-top: 0px !important;padding-bottom: 0px !important;}\u00bb][vc_column css=\u00bb.vc_custom_1744813616920{margin-top: 0px !important;margin-bottom: 0px !important;padding-top: 0px !important;padding-bottom: 0px !important;}\u00bb _et_uniqid=\u00bbet_custom_uniqid_new_67ffbe2a3ddc5&#8243;][vc_raw_html css=\u00bb.vc_custom_1744813622960{margin-top: 0px !important;margin-bottom: 0px !important;padding-top: 0px !important;padding-bottom: 0px !important;}\u00bb]JTNDc2NyaXB0JTNFJTBBZG9jdW1lbnQuYWRkRXZlbnRMaXN0ZW5lciUyOCUyMkRPTUNvbnRlbnRMb2FkZWQlMjIlMkMlMjBmdW5jdGlvbiUyOCUyOSUyMCU3QiUwQSUyMCUyMCUyMCUyMCUyRiUyRiUyMFNlbGVjY2lvbmFyJTIwdG9kb3MlMjBsb3MlMjBib3RvbmVzJTIwY29uJTIwbGFzJTIwY2xhc2VzJTIwZXNwZWMlQzMlQURmaWNhcyUwQSUyMCUyMCUyMCUyMGxldCUyMGJ1dHRvbnMlMjAlM0QlMjBkb2N1bWVudC5xdWVyeVNlbGVjdG9yQWxsJTI4JTIyYnV0dG9uLmV0LXNpbmdsZS1idXktbm93LnNpbmdsZV9hZGRfdG9fY2FydF9idXR0b24uYnV0dG9uLmFsdCUyMiUyOSUzQiUwQSUwQSUyMCUyMCUyMCUyMCUyRiUyRiUyMEFzZWd1cmFyJTIwcXVlJTIwc29sbyUyMHNlJTIwbW9kaWZpcXVlbiUyMGxvcyUyMGRvcyUyMHByaW1lcm9zJTIwYm90b25lcyUyMGVuY29udHJhZG9zJTBBJTIwJTIwJTIwJTIwaWYlMjAlMjhidXR0b25zLmxlbmd0aCUyMCUzRSUzRCUyMDIlMjklMjAlN0IlMEElMjAlMjAlMjAlMjAlMjAlMjAlMjAlMjBidXR0b25zJTVCMCU1RC50ZXh0Q29udGVudCUyMCUzRCUyMCUyMkNvbXByYXIlMjBhaG9yYSUyMiUzQiUwQSUyMCUyMCUyMCUyMCUyMCUyMCUyMCUyMGJ1dHRvbnMlNUIxJTVELnRleHRDb250ZW50JTIwJTNEJTIwJTIyQ29tcHJhciUyMGFob3JhJTIyJTNCJTBBJTIwJTIwJTIwJTIwJTdEJTBBJTdEJTI5JTNCJTBBJTNDJTJGc2NyaXB0JTNFJTBB[\/vc_raw_html][\/vc_column][\/vc_row]<\/p>\n<\/div>","protected":false},"excerpt":{"rendered":"<p><span style=\"color: #16f581;\">Incluye: <\/span>4 Nodos + Plan Starter + Cargadores + Maleta.<\/p>\n","protected":false},"featured_media":5173,"comment_status":"closed","ping_status":"closed","template":"","meta":[],"etheme_brands":[],"product_brand":[],"product_cat":[106],"product_tag":[64],"class_list":{"0":"post-1849","1":"product","2":"type-product","3":"status-publish","4":"has-post-thumbnail","6":"product_cat-kits-de-nodos","7":"product_tag-kits","9":"first","10":"instock","11":"taxable","12":"shipping-taxable","13":"purchasable","14":"product-type-simple"},"yoast_head":"<!-- This site is optimized with the Yoast SEO plugin v24.8.1 - https:\/\/yoast.com\/wordpress\/plugins\/seo\/ -->\n<title>KIT X4 NODOS - Neural Trainer<\/title>\n<meta name=\"robots\" content=\"index, follow, max-snippet:-1, max-image-preview:large, max-video-preview:-1\" \/>\n<link rel=\"canonical\" href=\"https:\/\/www.neuraltrainer.com\/es\/producto\/kit-x4-nodos\/\" \/>\n<meta property=\"og:locale\" content=\"es_ES\" \/>\n<meta property=\"og:type\" content=\"article\" \/>\n<meta property=\"og:title\" content=\"KIT X4 NODOS - Neural Trainer\" \/>\n<meta property=\"og:description\" content=\"Incluye: 4 Nodos + Plan Starter + Cargadores + Maleta.\" \/>\n<meta property=\"og:url\" content=\"https:\/\/www.neuraltrainer.com\/es\/producto\/kit-x4-nodos\/\" \/>\n<meta property=\"og:site_name\" content=\"Neural Trainer\" \/>\n<meta property=\"article:modified_time\" content=\"2025-05-30T14:23:33+00:00\" \/>\n<meta property=\"og:image\" content=\"https:\/\/www.neuraltrainer.com\/wp-content\/uploads\/2022\/06\/1-1.png\" \/>\n\t<meta property=\"og:image:width\" content=\"540\" \/>\n\t<meta property=\"og:image:height\" content=\"540\" \/>\n\t<meta property=\"og:image:type\" content=\"image\/png\" \/>\n<meta name=\"twitter:card\" content=\"summary_large_image\" \/>\n<meta name=\"twitter:label1\" content=\"Tiempo de lectura\" \/>\n\t<meta name=\"twitter:data1\" content=\"6 minutos\" \/>\n<script type=\"application\/ld+json\" class=\"yoast-schema-graph\">{\"@context\":\"https:\/\/schema.org\",\"@graph\":[{\"@type\":\"WebPage\",\"@id\":\"https:\/\/www.neuraltrainer.com\/es\/producto\/kit-x4-nodos\/\",\"url\":\"https:\/\/www.neuraltrainer.com\/es\/producto\/kit-x4-nodos\/\",\"name\":\"KIT X4 NODOS - Neural Trainer\",\"isPartOf\":{\"@id\":\"https:\/\/54.86.6.116\/#website\"},\"primaryImageOfPage\":{\"@id\":\"https:\/\/www.neuraltrainer.com\/es\/producto\/kit-x4-nodos\/#primaryimage\"},\"image\":{\"@id\":\"https:\/\/www.neuraltrainer.com\/es\/producto\/kit-x4-nodos\/#primaryimage\"},\"thumbnailUrl\":\"https:\/\/www.neuraltrainer.com\/wp-content\/uploads\/2022\/06\/1-1.png\",\"datePublished\":\"2022-06-23T01:25:18+00:00\",\"dateModified\":\"2025-05-30T14:23:33+00:00\",\"breadcrumb\":{\"@id\":\"https:\/\/www.neuraltrainer.com\/es\/producto\/kit-x4-nodos\/#breadcrumb\"},\"inLanguage\":\"es\",\"potentialAction\":[{\"@type\":\"ReadAction\",\"target\":[\"https:\/\/www.neuraltrainer.com\/es\/producto\/kit-x4-nodos\/\"]}]},{\"@type\":\"ImageObject\",\"inLanguage\":\"es\",\"@id\":\"https:\/\/www.neuraltrainer.com\/es\/producto\/kit-x4-nodos\/#primaryimage\",\"url\":\"https:\/\/www.neuraltrainer.com\/wp-content\/uploads\/2022\/06\/1-1.png\",\"contentUrl\":\"https:\/\/www.neuraltrainer.com\/wp-content\/uploads\/2022\/06\/1-1.png\",\"width\":540,\"height\":540},{\"@type\":\"BreadcrumbList\",\"@id\":\"https:\/\/www.neuraltrainer.com\/es\/producto\/kit-x4-nodos\/#breadcrumb\",\"itemListElement\":[{\"@type\":\"ListItem\",\"position\":1,\"name\":\"Portada\",\"item\":\"https:\/\/app2.neuraltrainer.com\/es\/\"},{\"@type\":\"ListItem\",\"position\":2,\"name\":\"Tienda\",\"item\":\"https:\/\/neuraltrainer.com\/es\/tienda\/\"},{\"@type\":\"ListItem\",\"position\":3,\"name\":\"KIT X4 NODOS\"}]},{\"@type\":\"WebSite\",\"@id\":\"https:\/\/54.86.6.116\/#website\",\"url\":\"https:\/\/54.86.6.116\/\",\"name\":\"Neural Trainer\",\"description\":\"El entrenamiento del futuro\",\"publisher\":{\"@id\":\"https:\/\/54.86.6.116\/#organization\"},\"potentialAction\":[{\"@type\":\"SearchAction\",\"target\":{\"@type\":\"EntryPoint\",\"urlTemplate\":\"https:\/\/54.86.6.116\/?s={search_term_string}\"},\"query-input\":{\"@type\":\"PropertyValueSpecification\",\"valueRequired\":true,\"valueName\":\"search_term_string\"}}],\"inLanguage\":\"es\"},{\"@type\":\"Organization\",\"@id\":\"https:\/\/54.86.6.116\/#organization\",\"name\":\"Neural Trainer\",\"url\":\"https:\/\/54.86.6.116\/\",\"logo\":{\"@type\":\"ImageObject\",\"inLanguage\":\"es\",\"@id\":\"https:\/\/54.86.6.116\/#\/schema\/logo\/image\/\",\"url\":\"https:\/\/www.neuraltrainer.com\/wp-content\/uploads\/2020\/11\/logo.png\",\"contentUrl\":\"https:\/\/www.neuraltrainer.com\/wp-content\/uploads\/2020\/11\/logo.png\",\"width\":224,\"height\":225,\"caption\":\"Neural Trainer\"},\"image\":{\"@id\":\"https:\/\/54.86.6.116\/#\/schema\/logo\/image\/\"}}]}<\/script>\n<!-- \/ Yoast SEO plugin. -->","yoast_head_json":{"title":"KIT X4 NODOS - Neural Trainer","robots":{"index":"index","follow":"follow","max-snippet":"max-snippet:-1","max-image-preview":"max-image-preview:large","max-video-preview":"max-video-preview:-1"},"canonical":"https:\/\/www.neuraltrainer.com\/es\/producto\/kit-x4-nodos\/","og_locale":"es_ES","og_type":"article","og_title":"KIT X4 NODOS - Neural Trainer","og_description":"Incluye: 4 Nodos + Plan Starter + Cargadores + Maleta.","og_url":"https:\/\/www.neuraltrainer.com\/es\/producto\/kit-x4-nodos\/","og_site_name":"Neural Trainer","article_modified_time":"2025-05-30T14:23:33+00:00","og_image":[{"width":540,"height":540,"url":"https:\/\/www.neuraltrainer.com\/wp-content\/uploads\/2022\/06\/1-1.png","type":"image\/png"}],"twitter_card":"summary_large_image","twitter_misc":{"Tiempo de lectura":"6 minutos"},"schema":{"@context":"https:\/\/schema.org","@graph":[{"@type":"WebPage","@id":"https:\/\/www.neuraltrainer.com\/es\/producto\/kit-x4-nodos\/","url":"https:\/\/www.neuraltrainer.com\/es\/producto\/kit-x4-nodos\/","name":"KIT X4 NODOS - Neural Trainer","isPartOf":{"@id":"https:\/\/54.86.6.116\/#website"},"primaryImageOfPage":{"@id":"https:\/\/www.neuraltrainer.com\/es\/producto\/kit-x4-nodos\/#primaryimage"},"image":{"@id":"https:\/\/www.neuraltrainer.com\/es\/producto\/kit-x4-nodos\/#primaryimage"},"thumbnailUrl":"https:\/\/www.neuraltrainer.com\/wp-content\/uploads\/2022\/06\/1-1.png","datePublished":"2022-06-23T01:25:18+00:00","dateModified":"2025-05-30T14:23:33+00:00","breadcrumb":{"@id":"https:\/\/www.neuraltrainer.com\/es\/producto\/kit-x4-nodos\/#breadcrumb"},"inLanguage":"es","potentialAction":[{"@type":"ReadAction","target":["https:\/\/www.neuraltrainer.com\/es\/producto\/kit-x4-nodos\/"]}]},{"@type":"ImageObject","inLanguage":"es","@id":"https:\/\/www.neuraltrainer.com\/es\/producto\/kit-x4-nodos\/#primaryimage","url":"https:\/\/www.neuraltrainer.com\/wp-content\/uploads\/2022\/06\/1-1.png","contentUrl":"https:\/\/www.neuraltrainer.com\/wp-content\/uploads\/2022\/06\/1-1.png","width":540,"height":540},{"@type":"BreadcrumbList","@id":"https:\/\/www.neuraltrainer.com\/es\/producto\/kit-x4-nodos\/#breadcrumb","itemListElement":[{"@type":"ListItem","position":1,"name":"Portada","item":"https:\/\/app2.neuraltrainer.com\/es\/"},{"@type":"ListItem","position":2,"name":"Tienda","item":"https:\/\/neuraltrainer.com\/es\/tienda\/"},{"@type":"ListItem","position":3,"name":"KIT X4 NODOS"}]},{"@type":"WebSite","@id":"https:\/\/54.86.6.116\/#website","url":"https:\/\/54.86.6.116\/","name":"Neural Trainer","description":"El entrenamiento del futuro","publisher":{"@id":"https:\/\/54.86.6.116\/#organization"},"potentialAction":[{"@type":"SearchAction","target":{"@type":"EntryPoint","urlTemplate":"https:\/\/54.86.6.116\/?s={search_term_string}"},"query-input":{"@type":"PropertyValueSpecification","valueRequired":true,"valueName":"search_term_string"}}],"inLanguage":"es"},{"@type":"Organization","@id":"https:\/\/54.86.6.116\/#organization","name":"Neural Trainer","url":"https:\/\/54.86.6.116\/","logo":{"@type":"ImageObject","inLanguage":"es","@id":"https:\/\/54.86.6.116\/#\/schema\/logo\/image\/","url":"https:\/\/www.neuraltrainer.com\/wp-content\/uploads\/2020\/11\/logo.png","contentUrl":"https:\/\/www.neuraltrainer.com\/wp-content\/uploads\/2020\/11\/logo.png","width":224,"height":225,"caption":"Neural Trainer"},"image":{"@id":"https:\/\/54.86.6.116\/#\/schema\/logo\/image\/"}}]}},"_links":{"self":[{"href":"https:\/\/www.neuraltrainer.com\/es\/wp-json\/wp\/v2\/product\/1849","targetHints":{"allow":["GET"]}}],"collection":[{"href":"https:\/\/www.neuraltrainer.com\/es\/wp-json\/wp\/v2\/product"}],"about":[{"href":"https:\/\/www.neuraltrainer.com\/es\/wp-json\/wp\/v2\/types\/product"}],"replies":[{"embeddable":true,"href":"https:\/\/www.neuraltrainer.com\/es\/wp-json\/wp\/v2\/comments?post=1849"}],"wp:featuredmedia":[{"embeddable":true,"href":"https:\/\/www.neuraltrainer.com\/es\/wp-json\/wp\/v2\/media\/5173"}],"wp:attachment":[{"href":"https:\/\/www.neuraltrainer.com\/es\/wp-json\/wp\/v2\/media?parent=1849"}],"wp:term":[{"taxonomy":"brand","embeddable":true,"href":"https:\/\/www.neuraltrainer.com\/es\/wp-json\/wp\/v2\/etheme_brands?post=1849"},{"taxonomy":"product_brand","embeddable":true,"href":"https:\/\/www.neuraltrainer.com\/es\/wp-json\/wp\/v2\/product_brand?post=1849"},{"taxonomy":"product_cat","embeddable":true,"href":"https:\/\/www.neuraltrainer.com\/es\/wp-json\/wp\/v2\/product_cat?post=1849"},{"taxonomy":"product_tag","embeddable":true,"href":"https:\/\/www.neuraltrainer.com\/es\/wp-json\/wp\/v2\/product_tag?post=1849"}],"curies":[{"name":"wp","href":"https:\/\/api.w.org\/{rel}","templated":true}]}}