{"id":1280,"date":"2021-10-12T00:24:31","date_gmt":"2021-10-12T00:24:31","guid":{"rendered":"https:\/\/www.neuraltrainer.com\/?page_id=1280"},"modified":"2022-10-13T12:26:44","modified_gmt":"2022-10-13T12:26:44","slug":"manual","status":"publish","type":"page","link":"https:\/\/www.neuraltrainer.com\/es\/manual\/","title":{"rendered":"Manual"},"content":{"rendered":"<div class=\"wpb-content-wrapper\"><p>[vc_row full_width=\u00bbstretch_row\u00bb et_uniqid=\u00bbet_custom_uniqid_6164dd44eac98&#8243; css=\u00bb.vc_custom_1665663988057{border-top-width: 5px !important;padding-bottom: 100px !important;background-image: url(https:\/\/www.neuraltrainer.com\/wp-content\/uploads\/2021\/10\/bg_manual.jpg?id=1287) !important;background-position: center !important;background-repeat: no-repeat !important;background-size: cover !important;border-top-color: #00fb94 !important;border-top-style: solid !important;}\u00bb _et_uniqid=\u00bbet_custom_uniqid_new_634803ef119cf\u00bb el_id=\u00bbtop-manual\u00bb][vc_column][vc_column_text css=\u00bb.vc_custom_1655849720117{margin-top: 50px !important;margin-bottom: 5px !important;padding-top: 0px !important;padding-bottom: 0px !important;}\u00bb el_class=\u00bbtitulo-manual\u00bb]<\/p>\n<h2 style=\"text-align: center;\"><span style=\"color: #ffffff;\">Manual de usuario<\/span><\/h2>\n<p>[\/vc_column_text][vc_column_text css=\u00bb.vc_custom_1633999239985{margin-top: 0px !important;padding-top: 0px !important;}\u00bb]<\/p>\n<h3 style=\"text-align: center;\"><span style=\"color: #00fb94;\">USER MANUAL<\/span><\/h3>\n<p>[\/vc_column_text][vc_row_inner et_uniqid=\u00bbet_custom_uniqid_6164de1ef34ef\u00bb css=\u00bb.vc_custom_1634000477123{margin-top: 60px !important;}\u00bb _et_uniqid=\u00bbet_custom_uniqid_new_6164de58978fe\u00bb][vc_column_inner width=\u00bb1\/3&#8243; et_uniqid=\u00bbet_custom_uniqid_62e16b2e8b67b\u00bb _et_uniqid=\u00bbet_custom_uniqid_new_62e16b2ea2b52&#8243;][vc_btn title=\u00bbDescargar Manual ANDROID (ESP)\u00bb style=\u00bbflat\u00bb shape=\u00bbsquare\u00bb color=\u00bbpurple\u00bb size=\u00bblg\u00bb align=\u00bbcenter\u00bb link=\u00bburl:https%3A%2F%2Fwww.neuraltrainer.com%2Fwp-content%2Fuploads%2F2021%2F10%2FNeural-Trainer-Manual-Spanish.pdf|title:Descargar%20Manual|target:_blank\u00bb][vc_btn title=\u00bbDescargar Manual IOS (ESP)\u00bb style=\u00bbflat\u00bb shape=\u00bbsquare\u00bb color=\u00bbpurple\u00bb size=\u00bblg\u00bb align=\u00bbcenter\u00bb link=\u00bburl:https%3A%2F%2Fwww.neuraltrainer.com%2Fwp-content%2Fuploads%2F2021%2F12%2Fmanual-ES-IOS.pdf|title:Descargar%20Manual|target:_blank\u00bb][\/vc_column_inner][vc_column_inner width=\u00bb1\/3&#8243;][vc_btn title=\u00bbDownload manual ANDROID (EN)\u00bb style=\u00bbflat\u00bb shape=\u00bbsquare\u00bb color=\u00bbpurple\u00bb size=\u00bblg\u00bb align=\u00bbcenter\u00bb link=\u00bburl:https%3A%2F%2Fwww.neuraltrainer.com%2Fwp-content%2Fuploads%2F2021%2F10%2FNeural-Trainer-Manual-English_.pdf|title:Download%20Manual|target:_blank\u00bb][vc_btn title=\u00bbDownload manual IOS (EN)\u00bb style=\u00bbflat\u00bb shape=\u00bbsquare\u00bb color=\u00bbpurple\u00bb size=\u00bblg\u00bb align=\u00bbcenter\u00bb link=\u00bburl:https%3A%2F%2Fwww.neuraltrainer.com%2Fwp-content%2Fuploads%2F2021%2F12%2Fmanual-ENG-IOS.pdf|title:Download%20Manual|target:_blank\u00bb][\/vc_column_inner][vc_column_inner width=\u00bb1\/3&#8243;][vc_btn title=\u00bbDownload manual ANDROID (FR)\u00bb style=\u00bbflat\u00bb shape=\u00bbsquare\u00bb color=\u00bbpurple\u00bb size=\u00bblg\u00bb align=\u00bbcenter\u00bb link=\u00bburl:%2Fwp-content%2Fuploads%2F2022%2F03%2FNT-manual-fr.pdf|title:Download%20Manual|target:_blank\u00bb][vc_btn title=\u00bbDownload manual IOS (FR)\u00bb style=\u00bbflat\u00bb shape=\u00bbsquare\u00bb color=\u00bbpurple\u00bb size=\u00bblg\u00bb align=\u00bbcenter\u00bb link=\u00bburl:%2Fwp-content%2Fuploads%2F2022%2F02%2Fmanual-FR-IOS.pdf|title:Download%20Manual|target:_blank\u00bb][\/vc_column_inner][\/vc_row_inner][\/vc_column][\/vc_row][vc_row et_uniqid=\u00bbet_custom_uniqid_5f627c404d650&#8243; el_id=\u00bbfaq\u00bb _et_uniqid=\u00bbet_custom_uniqid_new_5f6285fb0c2ba\u00bb][vc_column width=\u00bb1\/12&#8243;][\/vc_column][vc_column width=\u00bb10\/12&#8243;][vc_column_text css=\u00bb.vc_custom_1600292874208{margin-bottom: 10px !important;padding-bottom: 0px !important;}\u00bb]<\/p>\n<h2 style=\"text-align: center;\">FAQ&#8217;S<\/h2>\n<p>[\/vc_column_text][vc_toggle title=\u00bb\u00bfPuede utilizarse Neural Trainer al aire libre?\u00bb style=\u00bbarrow\u00bb open=\u00bbtrue\u00bb custom_font_container=\u00bbtag:p|text_align:left\u00bb custom_google_fonts=\u00bbfont_family:Raleway%3A100%2C200%2C300%2Cregular%2C500%2C600%2C700%2C800%2C900|font_style:600%20bold%20regular%3A600%3Anormal\u00bb use_custom_heading=\u00bbtrue\u00bb el_id=\u00bbprimero\u00bb]<span style=\"font-weight: 400;\">El sistema est\u00e1 dise\u00f1ado para ser utilizado tanto en interior como al aire libre siendo visible a la luz del sol.<\/span>[\/vc_toggle][vc_toggle title=\u00bb\u00bfQu\u00e9 autonom\u00eda tienen los m\u00f3dulos?\u00bb style=\u00bbarrow\u00bb custom_font_container=\u00bbtag:p|text_align:left\u00bb custom_google_fonts=\u00bbfont_family:Raleway%3A100%2C200%2C300%2Cregular%2C500%2C600%2C700%2C800%2C900|font_style:600%20bold%20regular%3A600%3Anormal\u00bb use_custom_heading=\u00bbtrue\u00bb]Las bater\u00edas tienen una vida \u00fatil de 24 horas continuas antes de requerir una nueva carga.[\/vc_toggle][vc_toggle title=\u00bb\u00bfCu\u00e1l es el rango de alcance de Neural Trainer para trabajos a distancia?\u00bb style=\u00bbarrow\u00bb custom_font_container=\u00bbtag:p|text_align:left\u00bb custom_google_fonts=\u00bbfont_family:Raleway%3A100%2C200%2C300%2Cregular%2C500%2C600%2C700%2C800%2C900|font_style:600%20bold%20regular%3A600%3Anormal\u00bb use_custom_heading=\u00bbtrue\u00bb]<span style=\"font-weight: 400;\">Las luces pueden transmitir datos entre\u00a0 30 a 50 metros de distancia desde el controlador.<\/span>[\/vc_toggle][vc_toggle title=\u00bb\u00bfSe puede transportar Neural Trainer?\u00bb style=\u00bbarrow\u00bb custom_font_container=\u00bbtag:p|text_align:left\u00bb custom_google_fonts=\u00bbfont_family:Raleway%3A100%2C200%2C300%2Cregular%2C500%2C600%2C700%2C800%2C900|font_style:600%20bold%20regular%3A600%3Anormal\u00bb use_custom_heading=\u00bbtrue\u00bb]S\u00ed, el sistema es totalmente port\u00e1til.[\/vc_toggle][vc_toggle title=\u00bb\u00bfSe pueden a\u00f1adir luces adicionales al mismo sistema?\u00bb style=\u00bbarrow\u00bb custom_font_container=\u00bbtag:p|text_align:left\u00bb custom_google_fonts=\u00bbfont_family:Raleway%3A100%2C200%2C300%2Cregular%2C500%2C600%2C700%2C800%2C900|font_style:600%20bold%20regular%3A600%3Anormal\u00bb use_custom_heading=\u00bbtrue\u00bb]S\u00ed, se pueden adicionar luces al sistema en cualquier momento, hasta un total de 12 luces para ser utilizado con un solo controlador.[\/vc_toggle][vc_toggle title=\u00bb\u00bfCu\u00e1l es el per\u00edodo de garant\u00eda del Neural Trainer?\u00bb style=\u00bbarrow\u00bb custom_font_container=\u00bbtag:p|text_align:left\u00bb custom_google_fonts=\u00bbfont_family:Raleway%3A100%2C200%2C300%2Cregular%2C500%2C600%2C700%2C800%2C900|font_style:600%20bold%20regular%3A600%3Anormal\u00bb use_custom_heading=\u00bbtrue\u00bb]Est\u00e1 garantizado por un per\u00edodo de 1 a\u00f1o desde la fecha de recepci\u00f3n.[\/vc_toggle][vc_toggle title=\u00bb\u00bfComo puedo adquirir el sistema Neural Trainer?\u00bb style=\u00bbarrow\u00bb custom_font_container=\u00bbtag:p|text_align:left\u00bb custom_google_fonts=\u00bbfont_family:Raleway%3A100%2C200%2C300%2Cregular%2C500%2C600%2C700%2C800%2C900|font_style:600%20bold%20regular%3A600%3Anormal\u00bb use_custom_heading=\u00bbtrue\u00bb]Ingresa tus datos a trav\u00e9s de nuestro formulario y te asesoraremos para realizar tu compra.[\/vc_toggle][\/vc_column][vc_column width=\u00bb1\/12&#8243;][\/vc_column][\/vc_row]<\/p>\n<\/div>","protected":false},"excerpt":{"rendered":"<p>[vc_row full_width=\u00bbstretch_row\u00bb et_uniqid=\u00bbet_custom_uniqid_6164dd44eac98&#8243; css=\u00bb.vc_custom_1665663988057{border-top-width: 5px !important;padding-bottom: 100px !important;background-image: url(https:\/\/www.neuraltrainer.com\/wp-content\/uploads\/2021\/10\/bg_manual.jpg?id=1287) !important;background-position: center !important;background-repeat: no-repeat !important;background-size: cover !important;border-top-color: #00fb94 !important;border-top-style: solid !important;}\u00bb _et_uniqid=\u00bbet_custom_uniqid_new_634803ef119cf\u00bb el_id=\u00bbtop-manual\u00bb][vc_column][vc_column_text css=\u00bb.vc_custom_1655849720117{margin-top: 50px !important;margin-bottom:&#8230;<\/p>\n","protected":false},"author":1,"featured_media":0,"parent":0,"menu_order":0,"comment_status":"closed","ping_status":"closed","template":"","meta":{"footnotes":""},"class_list":["post-1280","page","type-page","status-publish","hentry"],"yoast_head":"<!-- This site is optimized with the Yoast SEO plugin v24.8.1 - https:\/\/yoast.com\/wordpress\/plugins\/seo\/ -->\n<title>Manual - Neural Trainer<\/title>\n<meta name=\"robots\" content=\"index, follow, max-snippet:-1, max-image-preview:large, max-video-preview:-1\" \/>\n<link rel=\"canonical\" href=\"https:\/\/www.neuraltrainer.com\/es\/manual\/\" \/>\n<meta property=\"og:locale\" content=\"es_ES\" \/>\n<meta property=\"og:type\" content=\"article\" \/>\n<meta property=\"og:title\" content=\"Manual - Neural Trainer\" \/>\n<meta property=\"og:description\" content=\"[vc_row full_width=\u00bbstretch_row\u00bb et_uniqid=\u00bbet_custom_uniqid_6164dd44eac98&#8243; css=\u00bb.vc_custom_1665663988057{border-top-width: 5px !important;padding-bottom: 100px !important;background-image: url(https:\/\/www.neuraltrainer.com\/wp-content\/uploads\/2021\/10\/bg_manual.jpg?id=1287) !important;background-position: center !important;background-repeat: no-repeat !important;background-size: cover !important;border-top-color: #00fb94 !important;border-top-style: solid !important;}\u00bb _et_uniqid=\u00bbet_custom_uniqid_new_634803ef119cf\u00bb el_id=\u00bbtop-manual\u00bb][vc_column][vc_column_text css=\u00bb.vc_custom_1655849720117{margin-top: 50px !important;margin-bottom:...\" \/>\n<meta property=\"og:url\" content=\"https:\/\/www.neuraltrainer.com\/es\/manual\/\" \/>\n<meta property=\"og:site_name\" content=\"Neural Trainer\" \/>\n<meta property=\"article:modified_time\" content=\"2022-10-13T12:26:44+00:00\" \/>\n<meta name=\"twitter:card\" content=\"summary_large_image\" \/>\n<meta name=\"twitter:label1\" content=\"Tiempo de lectura\" \/>\n\t<meta name=\"twitter:data1\" content=\"1 minuto\" \/>\n<script type=\"application\/ld+json\" class=\"yoast-schema-graph\">{\"@context\":\"https:\/\/schema.org\",\"@graph\":[{\"@type\":\"WebPage\",\"@id\":\"https:\/\/www.neuraltrainer.com\/es\/manual\/\",\"url\":\"https:\/\/www.neuraltrainer.com\/es\/manual\/\",\"name\":\"Manual - Neural Trainer\",\"isPartOf\":{\"@id\":\"https:\/\/54.86.6.116\/#website\"},\"datePublished\":\"2021-10-12T00:24:31+00:00\",\"dateModified\":\"2022-10-13T12:26:44+00:00\",\"breadcrumb\":{\"@id\":\"https:\/\/www.neuraltrainer.com\/es\/manual\/#breadcrumb\"},\"inLanguage\":\"es\",\"potentialAction\":[{\"@type\":\"ReadAction\",\"target\":[\"https:\/\/www.neuraltrainer.com\/es\/manual\/\"]}]},{\"@type\":\"BreadcrumbList\",\"@id\":\"https:\/\/www.neuraltrainer.com\/es\/manual\/#breadcrumb\",\"itemListElement\":[{\"@type\":\"ListItem\",\"position\":1,\"name\":\"Portada\",\"item\":\"https:\/\/neuraltrainer.com\/es\/\"},{\"@type\":\"ListItem\",\"position\":2,\"name\":\"Manual\"}]},{\"@type\":\"WebSite\",\"@id\":\"https:\/\/54.86.6.116\/#website\",\"url\":\"https:\/\/54.86.6.116\/\",\"name\":\"Neural Trainer\",\"description\":\"El entrenamiento del futuro\",\"publisher\":{\"@id\":\"https:\/\/54.86.6.116\/#organization\"},\"potentialAction\":[{\"@type\":\"SearchAction\",\"target\":{\"@type\":\"EntryPoint\",\"urlTemplate\":\"https:\/\/54.86.6.116\/?s={search_term_string}\"},\"query-input\":{\"@type\":\"PropertyValueSpecification\",\"valueRequired\":true,\"valueName\":\"search_term_string\"}}],\"inLanguage\":\"es\"},{\"@type\":\"Organization\",\"@id\":\"https:\/\/54.86.6.116\/#organization\",\"name\":\"Neural Trainer\",\"url\":\"https:\/\/54.86.6.116\/\",\"logo\":{\"@type\":\"ImageObject\",\"inLanguage\":\"es\",\"@id\":\"https:\/\/54.86.6.116\/#\/schema\/logo\/image\/\",\"url\":\"https:\/\/www.neuraltrainer.com\/wp-content\/uploads\/2020\/11\/logo.png\",\"contentUrl\":\"https:\/\/www.neuraltrainer.com\/wp-content\/uploads\/2020\/11\/logo.png\",\"width\":224,\"height\":225,\"caption\":\"Neural Trainer\"},\"image\":{\"@id\":\"https:\/\/54.86.6.116\/#\/schema\/logo\/image\/\"}}]}<\/script>\n<!-- \/ Yoast SEO plugin. -->","yoast_head_json":{"title":"Manual - Neural Trainer","robots":{"index":"index","follow":"follow","max-snippet":"max-snippet:-1","max-image-preview":"max-image-preview:large","max-video-preview":"max-video-preview:-1"},"canonical":"https:\/\/www.neuraltrainer.com\/es\/manual\/","og_locale":"es_ES","og_type":"article","og_title":"Manual - Neural Trainer","og_description":"[vc_row full_width=\u00bbstretch_row\u00bb et_uniqid=\u00bbet_custom_uniqid_6164dd44eac98&#8243; css=\u00bb.vc_custom_1665663988057{border-top-width: 5px !important;padding-bottom: 100px !important;background-image: url(https:\/\/www.neuraltrainer.com\/wp-content\/uploads\/2021\/10\/bg_manual.jpg?id=1287) !important;background-position: center !important;background-repeat: no-repeat !important;background-size: cover !important;border-top-color: #00fb94 !important;border-top-style: solid !important;}\u00bb _et_uniqid=\u00bbet_custom_uniqid_new_634803ef119cf\u00bb el_id=\u00bbtop-manual\u00bb][vc_column][vc_column_text css=\u00bb.vc_custom_1655849720117{margin-top: 50px !important;margin-bottom:...","og_url":"https:\/\/www.neuraltrainer.com\/es\/manual\/","og_site_name":"Neural Trainer","article_modified_time":"2022-10-13T12:26:44+00:00","twitter_card":"summary_large_image","twitter_misc":{"Tiempo de lectura":"1 minuto"},"schema":{"@context":"https:\/\/schema.org","@graph":[{"@type":"WebPage","@id":"https:\/\/www.neuraltrainer.com\/es\/manual\/","url":"https:\/\/www.neuraltrainer.com\/es\/manual\/","name":"Manual - Neural Trainer","isPartOf":{"@id":"https:\/\/54.86.6.116\/#website"},"datePublished":"2021-10-12T00:24:31+00:00","dateModified":"2022-10-13T12:26:44+00:00","breadcrumb":{"@id":"https:\/\/www.neuraltrainer.com\/es\/manual\/#breadcrumb"},"inLanguage":"es","potentialAction":[{"@type":"ReadAction","target":["https:\/\/www.neuraltrainer.com\/es\/manual\/"]}]},{"@type":"BreadcrumbList","@id":"https:\/\/www.neuraltrainer.com\/es\/manual\/#breadcrumb","itemListElement":[{"@type":"ListItem","position":1,"name":"Portada","item":"https:\/\/neuraltrainer.com\/es\/"},{"@type":"ListItem","position":2,"name":"Manual"}]},{"@type":"WebSite","@id":"https:\/\/54.86.6.116\/#website","url":"https:\/\/54.86.6.116\/","name":"Neural Trainer","description":"El entrenamiento del futuro","publisher":{"@id":"https:\/\/54.86.6.116\/#organization"},"potentialAction":[{"@type":"SearchAction","target":{"@type":"EntryPoint","urlTemplate":"https:\/\/54.86.6.116\/?s={search_term_string}"},"query-input":{"@type":"PropertyValueSpecification","valueRequired":true,"valueName":"search_term_string"}}],"inLanguage":"es"},{"@type":"Organization","@id":"https:\/\/54.86.6.116\/#organization","name":"Neural Trainer","url":"https:\/\/54.86.6.116\/","logo":{"@type":"ImageObject","inLanguage":"es","@id":"https:\/\/54.86.6.116\/#\/schema\/logo\/image\/","url":"https:\/\/www.neuraltrainer.com\/wp-content\/uploads\/2020\/11\/logo.png","contentUrl":"https:\/\/www.neuraltrainer.com\/wp-content\/uploads\/2020\/11\/logo.png","width":224,"height":225,"caption":"Neural Trainer"},"image":{"@id":"https:\/\/54.86.6.116\/#\/schema\/logo\/image\/"}}]}},"_links":{"self":[{"href":"https:\/\/www.neuraltrainer.com\/es\/wp-json\/wp\/v2\/pages\/1280","targetHints":{"allow":["GET"]}}],"collection":[{"href":"https:\/\/www.neuraltrainer.com\/es\/wp-json\/wp\/v2\/pages"}],"about":[{"href":"https:\/\/www.neuraltrainer.com\/es\/wp-json\/wp\/v2\/types\/page"}],"author":[{"embeddable":true,"href":"https:\/\/www.neuraltrainer.com\/es\/wp-json\/wp\/v2\/users\/1"}],"replies":[{"embeddable":true,"href":"https:\/\/www.neuraltrainer.com\/es\/wp-json\/wp\/v2\/comments?post=1280"}],"version-history":[{"count":0,"href":"https:\/\/www.neuraltrainer.com\/es\/wp-json\/wp\/v2\/pages\/1280\/revisions"}],"wp:attachment":[{"href":"https:\/\/www.neuraltrainer.com\/es\/wp-json\/wp\/v2\/media?parent=1280"}],"curies":[{"name":"wp","href":"https:\/\/api.w.org\/{rel}","templated":true}]}}